{"id":1848,"date":"2023-08-28T13:21:59","date_gmt":"2023-08-28T11:21:59","guid":{"rendered":"https:\/\/annagrand.saxon.hu\/?page_id=1848"},"modified":"2026-03-23T14:45:22","modified_gmt":"2026-03-23T13:45:22","slug":"das-hotel","status":"publish","type":"page","link":"https:\/\/balatonparkhotel.com\/de\/hotel\/","title":{"rendered":"Hotel"},"content":{"rendered":"<div class=\"wpb-content-wrapper\"><section class=\"vc_section vc_custom_1726063050891 vc_section-has-fill\"><div class=\"vc_row wpb_row vc_row-fluid vc_custom_1741179900007 vc_row-has-fill primary_section\"><div class=\"wpb_column vc_column_container vc_col-sm-12\"><div class=\"vc_column-inner\"><div class=\"wpb_wrapper\"><div class=\"heading_group_sc wpb_content_element subtitle_bottom    text-center\">\n        <div class=\"background_title\">BPH<\/div>\n\n\n    <h2>Willkommen im Balaton Park Hotel<\/h2>\n\n\n        <span class=\"subtitle\">Wo sich die Gesch\u00e4ftswelt, die Sch\u00f6nheit des Balaton und die Aufregung der Rennstrecke treffen!<\/span>\n\n<\/div>\n\t<div  class=\"wpb_single_image wpb_content_element vc_align_left\">\n\t\t\n\t\t<figure class=\"wpb_wrapper vc_figure\">\n\t\t\t<div class=\"vc_single_image-wrapper   vc_box_border_grey\"><img loading=\"lazy\" decoding=\"async\" width=\"1500\" height=\"1000\" src=\"https:\/\/balatonparkhotel.com\/wp-content\/uploads\/2026\/03\/2.-kep.webp\" class=\"vc_single_image-img attachment-full\" alt=\"\" title=\"2. k\u00e9p\" srcset=\"https:\/\/balatonparkhotel.com\/wp-content\/uploads\/2026\/03\/2.-kep.webp 1500w, https:\/\/balatonparkhotel.com\/wp-content\/uploads\/2026\/03\/2.-kep-300x200.webp 300w, https:\/\/balatonparkhotel.com\/wp-content\/uploads\/2026\/03\/2.-kep-1024x683.webp 1024w, https:\/\/balatonparkhotel.com\/wp-content\/uploads\/2026\/03\/2.-kep-768x512.webp 768w, https:\/\/balatonparkhotel.com\/wp-content\/uploads\/2026\/03\/2.-kep-18x12.webp 18w\" sizes=\"auto, (max-width: 1500px) 100vw, 1500px\" \/><\/div>\n\t\t<\/figure>\n\t<\/div>\n<div class=\"heading_group_sc wpb_content_element subtitle_bottom    text-center\">\n\n\n    <p>Das Balaton Park Hotel befindet sich in Balatonf\u0151kaj\u00e1r, direkt an der Autobahn M7, so dass es sowohl f\u00fcr G\u00e4ste aus Budapest als auch aus dem Plattenseegebiet leicht erreichbar ist. Das Hotel ist ein idealer Gesch\u00e4fts- und Konferenzort, mit 136 modernen Zimmern, einem atemberaubenden Blick auf den Balaton Park Circuit. Ganz gleich, ob Sie f\u00fcr ein Gesch\u00e4ftstreffen, eine Veranstaltung oder zum Vergn\u00fcgen hier sind, Sie werden die perfekte Balance zwischen Komfort und professionellem Service finden.<\/p>\n\n\n        <span class=\"subtitle\"><\/span>\n\n<\/div><\/div><\/div><\/div><\/div><div class=\"vc_row wpb_row vc_row-fluid vc_custom_1741179908069 vc_row-has-fill primary_section\"><div class=\"wpb_column vc_column_container vc_col-sm-12\"><div class=\"vc_column-inner\"><div class=\"wpb_wrapper\"><div class=\"plethora_button wpb_content_element  vc_custom_1726249594843  text-center\">\n    <a href=\"http:\/\/balatonparkhotel.com\/de\/zimmer\/\" class=\"btn btn-secondary\" title=\"Szob\u00e1ink\"  target=\"_self\">\n\n        \n        Zimmer\n        \n\n    <\/a>\n<\/div><\/div><\/div><\/div><\/div><div class=\"vc_row wpb_row vc_row-fluid vc_custom_1741179945716 vc_row-has-fill primary_section\"><div class=\"wpb_column vc_column_container vc_col-sm-12\"><div class=\"vc_column-inner  primary_section transparent\"><div class=\"wpb_wrapper\">\n<div class=\"vc_grid-container-wrapper vc_clearfix vc_grid-animation-zoomIn\">\n\t<div class=\"vc_grid-container vc_clearfix wpb_content_element vc_masonry_media_grid\" data-initial-loading-animation=\"zoomIn\" data-vc-grid-settings=\"{&quot;page_id&quot;:1848,&quot;style&quot;:&quot;all-masonry&quot;,&quot;action&quot;:&quot;vc_get_vc_grid_data&quot;,&quot;shortcode_id&quot;:&quot;1773407909658-910d5cef-45fa-0&quot;,&quot;tag&quot;:&quot;vc_masonry_media_grid&quot;}\" data-vc-request=\"https:\/\/balatonparkhotel.com\/wp-admin\/admin-ajax.php\" data-vc-post-id=\"1848\" data-vc-public-nonce=\"e692e07931\">\n\t\t\n\t<\/div>\n<\/div><\/div><\/div><\/div><\/div><\/section><div data-vc-full-width=\"true\" data-vc-full-width-init=\"false\" class=\"vc_row wpb_row vc_row-fluid vc_custom_1741179951868 vc_row-has-fill primary_section\"><div class=\"wpb_column vc_column_container vc_col-sm-6\"><div class=\"vc_column-inner\"><div class=\"wpb_wrapper\">\n\t<div  class=\"wpb_single_image wpb_content_element vc_align_right\">\n\t\t\n\t\t<figure class=\"wpb_wrapper vc_figure\">\n\t\t\t<div class=\"vc_single_image-wrapper   vc_box_border_grey\"><img loading=\"lazy\" decoding=\"async\" width=\"1242\" height=\"908\" src=\"https:\/\/balatonparkhotel.com\/wp-content\/uploads\/2024\/09\/BPC-x-BPH-track-01.png\" class=\"vc_single_image-img attachment-full\" alt=\"\" title=\"BPC x BPH Spur-01\" srcset=\"https:\/\/balatonparkhotel.com\/wp-content\/uploads\/2024\/09\/BPC-x-BPH-track-01.png 1242w, https:\/\/balatonparkhotel.com\/wp-content\/uploads\/2024\/09\/BPC-x-BPH-track-01-300x219.png 300w, https:\/\/balatonparkhotel.com\/wp-content\/uploads\/2024\/09\/BPC-x-BPH-track-01-1024x749.png 1024w, https:\/\/balatonparkhotel.com\/wp-content\/uploads\/2024\/09\/BPC-x-BPH-track-01-768x561.png 768w, https:\/\/balatonparkhotel.com\/wp-content\/uploads\/2024\/09\/BPC-x-BPH-track-01-16x12.png 16w\" sizes=\"auto, (max-width: 1242px) 100vw, 1242px\" \/><\/div>\n\t\t<\/figure>\n\t<\/div>\n<\/div><\/div><\/div><div class=\"wpb_column vc_column_container vc_col-sm-6\"><div class=\"vc_column-inner vc_custom_1726249448094\"><div class=\"wpb_wrapper\"><div class=\"heading_group_sc wpb_content_element subtitle_bottom   vc_custom_1726249393243  text-left\">\n\n\n    <h2>DIE VERBINDUNG<\/h2>\n\n\n        <span class=\"subtitle\"><\/span>\n\n<\/div><div class=\"heading_group_sc wpb_content_element subtitle_bottom    text-left\">\n\n\n    <p style=\"text-align: justify;\">Das Balaton Park Hotel ist in einzigartiger Weise mit der Balaton Park Rennstrecke verbunden und bietet eine nahtlose Mischung aus Luxus und Motorsportbegeisterung. Das Hotel liegt direkt neben der Rennstrecke und verf\u00fcgt \u00fcber Zimmer mit atemberaubendem Blick auf die Rennstrecke, so dass die G\u00e4ste spannende Rennen und Veranstaltungen direkt von ihren Unterk\u00fcnften aus miterleben k\u00f6nnen. Die unmittelbare N\u00e4he zur Rennstrecke macht das Balaton Park Hotel zu einem idealen Reiseziel, das sowohl Entspannung als auch adrenalingeladene Abenteuer bietet. Die Synergie zwischen dem Hotel und der Rennstrecke bietet einen exklusiven R\u00fcckzugsort, an dem hochoktanige Unterhaltung auf anspruchsvolle Gastfreundschaft trifft.<\/p>\n\n\n        <span class=\"subtitle\"><\/span>\n\n<\/div><\/div><\/div><\/div><\/div><div class=\"vc_row-full-width vc_clearfix\"><\/div>\n<\/div>","protected":false},"excerpt":{"rendered":"BPH Welcome to Balaton Park Hotel Where the business world, the beauty of Balaton and the excitement of the race track meet! The Balaton Park Hotel is located in Balatonf\u0151kaj\u00e1r, right next to the M7 motorway, making it easily accessible for guests coming from both Budapest and the Lake Balaton area. The hotel is an [...]","protected":false},"author":1,"featured_media":4507,"parent":0,"menu_order":0,"comment_status":"closed","ping_status":"closed","template":"","meta":{"footnotes":""},"class_list":["post-1848","page","type-page","status-publish","has-post-thumbnail","hentry"],"aioseo_notices":[],"_links":{"self":[{"href":"https:\/\/balatonparkhotel.com\/de\/wp-json\/wp\/v2\/pages\/1848","targetHints":{"allow":["GET"]}}],"collection":[{"href":"https:\/\/balatonparkhotel.com\/de\/wp-json\/wp\/v2\/pages"}],"about":[{"href":"https:\/\/balatonparkhotel.com\/de\/wp-json\/wp\/v2\/types\/page"}],"author":[{"embeddable":true,"href":"https:\/\/balatonparkhotel.com\/de\/wp-json\/wp\/v2\/users\/1"}],"replies":[{"embeddable":true,"href":"https:\/\/balatonparkhotel.com\/de\/wp-json\/wp\/v2\/comments?post=1848"}],"version-history":[{"count":73,"href":"https:\/\/balatonparkhotel.com\/de\/wp-json\/wp\/v2\/pages\/1848\/revisions"}],"predecessor-version":[{"id":4367,"href":"https:\/\/balatonparkhotel.com\/de\/wp-json\/wp\/v2\/pages\/1848\/revisions\/4367"}],"wp:featuredmedia":[{"embeddable":true,"href":"https:\/\/balatonparkhotel.com\/de\/wp-json\/wp\/v2\/media\/4507"}],"wp:attachment":[{"href":"https:\/\/balatonparkhotel.com\/de\/wp-json\/wp\/v2\/media?parent=1848"}],"curies":[{"name":"WP","href":"https:\/\/api.w.org\/{rel}","templated":true}]}}