{"id":1852,"date":"2023-08-28T13:27:39","date_gmt":"2023-08-28T11:27:39","guid":{"rendered":"https:\/\/annagrand.saxon.hu\/?page_id=1852"},"modified":"2025-04-28T09:45:34","modified_gmt":"2025-04-28T07:45:34","slug":"programme","status":"publish","type":"page","link":"https:\/\/balatonparkhotel.com\/de\/programok\/","title":{"rendered":"Balaton"},"content":{"rendered":"<div class=\"wpb-content-wrapper\"><div class=\"vc_row wpb_row vc_row-fluid primary_section padding_bottom_1-3\"><div class=\"wpb_column vc_column_container vc_col-sm-12\"><div class=\"vc_column-inner\"><div class=\"wpb_wrapper\">\n\t<div class=\"wpb_text_column wpb_content_element\" >\n\t\t<div class=\"wpb_wrapper\">\n\t\t\t<div class=\"heading_group_sc wpb_content_element subtitle_bottom    text-center\">\n\n\n    <h2>Entdecken Sie die zeitlose Sch\u00f6nheit des Plattensees: Ein Juwel im Herzen Ungarns<\/h2>\n\n\n        <span class=\"subtitle\"><\/span>\n\n<\/div><div class=\"heading_group_sc wpb_content_element subtitle_bottom    text-center\">\n\n\n    <p> Willkommen im Balaton Park Hotel! Wir laden Sie ein, mit uns eine Reise zu einem der bezauberndsten Naturwunder Europas - dem Plattensee - zu unternehmen. Egal, ob Sie gesch\u00e4ftlich oder privat unterwegs sind, der Plattensee ist mehr als nur ein Gew\u00e4sser; er ist ein Ort, an dem Entspannung, Abenteuer und Kultur zusammenkommen, was ihn zu einem unverzichtbaren Ziel f\u00fcr Ihren Aufenthalt bei uns macht.<\/p>\n\n\n        <span class=\"subtitle\"><\/span>\n\n<\/div>\n\n\t\t<\/div>\n\t<\/div>\n<\/div><\/div><\/div><\/div><div class=\"vc_row wpb_row vc_row-fluid primary_section padding_top_none padding_bottom_1-3\"><div class=\"wpb_column vc_column_container vc_col-sm-6\"><div class=\"vc_column-inner\"><div class=\"wpb_wrapper\">\n\t<div  class=\"wpb_single_image wpb_content_element vc_align_left\">\n\t\t\n\t\t<figure class=\"wpb_wrapper vc_figure\">\n\t\t\t<div class=\"vc_single_image-wrapper   vc_box_border_grey\"><img loading=\"lazy\" decoding=\"async\" width=\"832\" height=\"555\" src=\"https:\/\/balatonparkhotel.com\/wp-content\/uploads\/2024\/09\/balaton_borito.jpg\" class=\"vc_single_image-img attachment-full\" alt=\"\" title=\"balaton_borito\" srcset=\"https:\/\/balatonparkhotel.com\/wp-content\/uploads\/2024\/09\/balaton_borito.jpg 832w, https:\/\/balatonparkhotel.com\/wp-content\/uploads\/2024\/09\/balaton_borito-300x200.jpg 300w, https:\/\/balatonparkhotel.com\/wp-content\/uploads\/2024\/09\/balaton_borito-768x512.jpg 768w, https:\/\/balatonparkhotel.com\/wp-content\/uploads\/2024\/09\/balaton_borito-18x12.jpg 18w\" sizes=\"auto, (max-width: 832px) 100vw, 832px\" \/><\/div>\n\t\t<\/figure>\n\t<\/div>\n<\/div><\/div><\/div><div class=\"wpb_column vc_column_container vc_col-sm-6\"><div class=\"vc_column-inner\"><div class=\"wpb_wrapper\">\n\t<div class=\"wpb_text_column wpb_content_element\" >\n\t\t<div class=\"wpb_wrapper\">\n\t\t\t<p style=\"text-align: justify;\">Der Plattensee ist ein Paradies f\u00fcr Outdoor-Fans. In den w\u00e4rmeren Monaten verwandelt sich der See in ein Paradies f\u00fcr Wassersportler, das von Segeln und Windsurfen bis hin zu Paddleboarding und Kajakfahren alles bietet. Das seichte, warme Wasser des S\u00fcdufers ist ideal f\u00fcr Familien mit kleinen Kindern, w\u00e4hrend das tiefere Nordufer bei erfahrenen Schwimmern und Wassersportlern sehr beliebt ist. Wer lieber an Land bleibt, findet in der Umgebung des Sees malerische Rad- und Wanderwege vor. Fahren oder wandern Sie durch sanfte H\u00fcgel und Weinberge, erkunden Sie malerische D\u00f6rfer oder genie\u00dfen Sie den Panoramablick auf den schimmernden See von einem der vielen Aussichtspunkte.<\/p>\n\n\t\t<\/div>\n\t<\/div>\n<\/div><\/div><\/div><\/div><div class=\"vc_row wpb_row vc_row-fluid swap-on-mobile vc_row-o-content-middle vc_row-flex primary_section padding_top_none padding_bottom_none\"><div class=\"wpb_column vc_column_container vc_col-sm-6\"><div class=\"vc_column-inner\"><div class=\"wpb_wrapper\">\n\t<div class=\"wpb_text_column wpb_content_element\" >\n\t\t<div class=\"wpb_wrapper\">\n\t\t\t<p style=\"text-align: justify;\">Der Plattensee ist nicht nur eine Naturlandschaft, sondern auch eine Region voller Kultur und Geschichte. Die nahe gelegenen St\u00e4dte Tihany und Balatonf\u00fcred bieten Besuchern einen Einblick in die reiche Vergangenheit Ungarns. Die Abtei von Tihany, die auf einem H\u00fcgel thront, bietet nicht nur eine spirituelle Erfahrung, sondern auch einen atemberaubenden Blick auf den See darunter. Balatonf\u00fcred, Ungarns \u00e4ltester Kurort, l\u00e4dt zu einem Spaziergang entlang seiner von B\u00e4umen ges\u00e4umten Promenaden ein, wo Geschichte auf moderne Eleganz trifft.<\/p>\n\n\t\t<\/div>\n\t<\/div>\n<\/div><\/div><\/div><div class=\"wpb_column vc_column_container vc_col-sm-6\"><div class=\"vc_column-inner\"><div class=\"wpb_wrapper\">\n\t<div  class=\"wpb_single_image wpb_content_element vc_align_left\">\n\t\t\n\t\t<figure class=\"wpb_wrapper vc_figure\">\n\t\t\t<div class=\"vc_single_image-wrapper   vc_box_border_grey\"><img loading=\"lazy\" decoding=\"async\" width=\"1500\" height=\"1001\" src=\"https:\/\/balatonparkhotel.com\/wp-content\/uploads\/2024\/09\/the-turquoise-sea-of-hungary-lake-balaton-private-tour-1641192.webp\" class=\"vc_single_image-img attachment-full\" alt=\"\" title=\"der-t\u00fcrkise-see-vom-ungarischen-see-balaton-privat-tour-1641192\" srcset=\"https:\/\/balatonparkhotel.com\/wp-content\/uploads\/2024\/09\/the-turquoise-sea-of-hungary-lake-balaton-private-tour-1641192.webp 1500w, https:\/\/balatonparkhotel.com\/wp-content\/uploads\/2024\/09\/the-turquoise-sea-of-hungary-lake-balaton-private-tour-1641192-300x200.webp 300w, https:\/\/balatonparkhotel.com\/wp-content\/uploads\/2024\/09\/the-turquoise-sea-of-hungary-lake-balaton-private-tour-1641192-1024x683.webp 1024w, https:\/\/balatonparkhotel.com\/wp-content\/uploads\/2024\/09\/the-turquoise-sea-of-hungary-lake-balaton-private-tour-1641192-768x513.webp 768w, https:\/\/balatonparkhotel.com\/wp-content\/uploads\/2024\/09\/the-turquoise-sea-of-hungary-lake-balaton-private-tour-1641192-18x12.webp 18w\" sizes=\"auto, (max-width: 1500px) 100vw, 1500px\" \/><\/div>\n\t\t<\/figure>\n\t<\/div>\n<\/div><\/div><\/div><\/div><div class=\"vc_row wpb_row vc_row-fluid primary_section\"><div class=\"wpb_column vc_column_container vc_col-sm-12\"><div class=\"vc_column-inner\"><div class=\"wpb_wrapper\">\n\t<div class=\"wpb_text_column wpb_content_element  vc_custom_1726232157682\" >\n\t\t<div class=\"wpb_wrapper\">\n\t\t\t<h1 style=\"text-align: center;\">\u201eDAS UNGARISCHE MEER\u201c HEISST SIE WILLKOMMEN<\/h1>\n\n\t\t<\/div>\n\t<\/div>\n\n\t<div class=\"wpb_video_widget wpb_content_element vc_clearfix   vc_video-aspect-ratio-169 vc_video-el-width-100 vc_video-align-left\" >\n\t\t<div class=\"wpb_wrapper\">\n\t\t\t\n\t\t\t<div class=\"wpb_video_wrapper\"><iframe loading=\"lazy\" width=\"500\" height=\"281\" src=\"https:\/\/www.youtube.com\/embed\/dgMlD1R02XE?feature=oembed\"><\/iframe><\/div>\n\t\t<\/div>\n\t<\/div>\n<\/div><\/div><\/div><\/div><section class=\"vc_section\"><\/section>\n<\/div>","protected":false},"excerpt":{"rendered":"Discover the Timeless Beauty of Lake Balaton: A Gem in the Heart of Hungary Welcome to the Balaton Park Hotel! We invite you to take a journey with us to one of Europe\u2019s most enchanting natural wonders\u2014Lake Balaton. Whether you\u2019re visiting for business or leisure, Lake Balaton is more than just a body of water; [...]","protected":false},"author":1,"featured_media":3116,"parent":0,"menu_order":0,"comment_status":"closed","ping_status":"closed","template":"","meta":{"footnotes":""},"class_list":["post-1852","page","type-page","status-publish","has-post-thumbnail","hentry"],"aioseo_notices":[],"_links":{"self":[{"href":"https:\/\/balatonparkhotel.com\/de\/wp-json\/wp\/v2\/pages\/1852","targetHints":{"allow":["GET"]}}],"collection":[{"href":"https:\/\/balatonparkhotel.com\/de\/wp-json\/wp\/v2\/pages"}],"about":[{"href":"https:\/\/balatonparkhotel.com\/de\/wp-json\/wp\/v2\/types\/page"}],"author":[{"embeddable":true,"href":"https:\/\/balatonparkhotel.com\/de\/wp-json\/wp\/v2\/users\/1"}],"replies":[{"embeddable":true,"href":"https:\/\/balatonparkhotel.com\/de\/wp-json\/wp\/v2\/comments?post=1852"}],"version-history":[{"count":30,"href":"https:\/\/balatonparkhotel.com\/de\/wp-json\/wp\/v2\/pages\/1852\/revisions"}],"predecessor-version":[{"id":4128,"href":"https:\/\/balatonparkhotel.com\/de\/wp-json\/wp\/v2\/pages\/1852\/revisions\/4128"}],"wp:featuredmedia":[{"embeddable":true,"href":"https:\/\/balatonparkhotel.com\/de\/wp-json\/wp\/v2\/media\/3116"}],"wp:attachment":[{"href":"https:\/\/balatonparkhotel.com\/de\/wp-json\/wp\/v2\/media?parent=1852"}],"curies":[{"name":"WP","href":"https:\/\/api.w.org\/{rel}","templated":true}]}}