{"id":42,"date":"2016-11-24T18:09:31","date_gmt":"2016-11-24T18:09:31","guid":{"rendered":"http:\/\/plethorathemes.com\/hotel-xenia\/?page_id=42"},"modified":"2026-03-17T12:36:10","modified_gmt":"2026-03-17T11:36:10","slug":"sport-und-freizeit","status":"publish","type":"page","link":"https:\/\/balatonparkhotel.com\/de\/race-track\/","title":{"rendered":"Balaton Park Circuit"},"content":{"rendered":"<div class=\"wpb-content-wrapper\"><div class=\"vc_row wpb_row vc_row-fluid primary_section padding_top_1-2 padding_bottom_none\"><div class=\"wpb_column vc_column_container vc_col-sm-12\"><div class=\"vc_column-inner\"><div class=\"wpb_wrapper\">\n\t<div class=\"wpb_text_column wpb_content_element\" >\n\t\t<div class=\"wpb_wrapper\">\n\t\t\t<div class=\"heading_group_sc wpb_content_element subtitle_bottom    text-center\">\n        <div class=\"background_title\">SPORT<\/div>\n\n\n    <h2>INTERNATIONALE RENNSTRECKE<span style=\"font-size: 16px;\"><\/p>\n\n\n        <span class=\"subtitle\">f\u00fcr Geschwindigkeits- und Sportwagenliebhaber<\/span>\n\n<\/div><div class=\"heading_group_sc wpb_content_element subtitle_bottom    text-center\">\n\n\n    <p><\/span><\/h2>\n<hr class=\"horizontal-separator\" \/>\n\n\n        <span class=\"subtitle\"><\/span>\n\n<\/div>\n\n\t\t<\/div>\n\t<\/div>\n<\/div><\/div><\/div><\/div><div class=\"vc_row wpb_row vc_row-fluid swap-on-tablet vc_custom_1747416769589 vc_row-has-fill primary_section padding_top_1-4\"><div class=\"make_it_wide wpb_column vc_column_container vc_col-sm-6\"><div class=\"vc_column-inner\"><div class=\"wpb_wrapper\">\n\t<div class=\"wpb_text_column wpb_content_element  vc_custom_1738754457072\" >\n\t\t<div class=\"wpb_wrapper\">\n\t\t\t<p style=\"text-align: justify; font-weight: 400;\">Der Balaton Park Circuit ist eine einzigartige Rennstrecke in Ungarn, die nach den h\u00f6chsten internationalen Standards konzipiert wurde. Die in der N\u00e4he des Plattensees gelegene Strecke bietet aufregende Kurven und lange Geraden, die perfekt f\u00fcr Motorsportbegeisterte sind. Mit ihren hochmodernen Einrichtungen und der dynamischen Atmosph\u00e4re der Rennen garantiert sie sowohl professionellen Rennfahrern als auch passionierten Amateuren ein unvergessliches Erlebnis. Hier vereinen sich die Liebe zum Motorsport und die Sch\u00f6nheit der Natur in perfekter Harmonie.<\/p>\n\n\t\t<\/div>\n\t<\/div>\n<div class=\"vc_row wpb_row vc_inner vc_row-fluid vc_custom_1741180619943 vc_row-has-fill primary_section\"><div class=\"wpb_column vc_column_container vc_col-sm-12\"><div class=\"vc_column-inner\"><div class=\"wpb_wrapper\">\n\t<div class=\"wpb_text_column wpb_content_element  vc_custom_1747416735496\" >\n\t\t<div class=\"wpb_wrapper\">\n\t\t\t<h5 style=\"text-align: left;\">Entdecken Sie die Welt des Motorsports auf dem Balaton Park Circuit!<\/h5>\n\n\t\t<\/div>\n\t<\/div>\n<\/div><\/div><\/div><\/div><\/div><\/div><\/div><div class=\"make_it_wide wpb_column vc_column_container vc_col-sm-6\"><div class=\"vc_column-inner\"><div class=\"wpb_wrapper\">\n\t<div  class=\"wpb_single_image wpb_content_element vc_align_center\">\n\t\t\n\t\t<figure class=\"wpb_wrapper vc_figure\">\n\t\t\t<div class=\"vc_single_image-wrapper   vc_box_border_grey\"><img loading=\"lazy\" decoding=\"async\" width=\"850\" height=\"516\" src=\"https:\/\/balatonparkhotel.com\/wp-content\/uploads\/2025\/04\/240603_ferrari_challenge_szzs_n.jpg\" class=\"vc_single_image-img attachment-full\" alt=\"\" title=\"240603_ferrari_challenge_szzs_n\" srcset=\"https:\/\/balatonparkhotel.com\/wp-content\/uploads\/2025\/04\/240603_ferrari_challenge_szzs_n.jpg 850w, https:\/\/balatonparkhotel.com\/wp-content\/uploads\/2025\/04\/240603_ferrari_challenge_szzs_n-300x182.jpg 300w, https:\/\/balatonparkhotel.com\/wp-content\/uploads\/2025\/04\/240603_ferrari_challenge_szzs_n-768x466.jpg 768w, https:\/\/balatonparkhotel.com\/wp-content\/uploads\/2025\/04\/240603_ferrari_challenge_szzs_n-18x12.jpg 18w\" sizes=\"auto, (max-width: 850px) 100vw, 850px\" \/><\/div>\n\t\t<\/figure>\n\t<\/div>\n<\/div><\/div><\/div><\/div><div data-vc-full-width=\"true\" data-vc-full-width-init=\"false\" class=\"vc_row wpb_row vc_row-fluid vc_custom_1726144993777 vc_row-has-fill black_section transparent transparent_film padding_top_2-3 padding_bottom_1-2\"><div class=\"wpb_column vc_column_container vc_col-sm-8 vc_col-sm-offset-2\"><div class=\"vc_column-inner\"><div class=\"wpb_wrapper\">\n\t<div class=\"wpb_text_column wpb_content_element\" >\n\t\t<div class=\"wpb_wrapper\">\n\t\t\t<h3 style=\"text-align: center;\">UNVERGESSLICHE ERLEBNISSE<\/h3>\n\n\t\t<\/div>\n\t<\/div>\n<\/div><\/div><\/div><\/div><div class=\"vc_row-full-width vc_clearfix\"><\/div><div data-vc-full-width=\"true\" data-vc-full-width-init=\"false\" data-vc-stretch-content=\"true\" class=\"vc_row wpb_row vc_row-fluid vc_custom_1726266615760 vc_row-has-fill vc_row-no-padding vc_row-o-content-middle vc_row-flex padding_top_none padding_bottom_none\"><div class=\"col-sm-push-6 wpb_column vc_column_container vc_col-sm-6 vc_col-lg-8 vc_col-md-7 vc_col-has-fill\"><div class=\"vc_column-inner vc_custom_1726264945896\"><div class=\"wpb_wrapper\"><div class=\"vc_empty_space\"   style=\"height: 300px\"><span class=\"vc_empty_space_inner\"><\/span><\/div><div class=\"vc_empty_space\"   style=\"height: 300px\"><span class=\"vc_empty_space_inner\"><\/span><\/div><\/div><\/div><\/div><div class=\"col-sm-pull-6 col-md-pull-6 col-lg-pull-7 wpb_column vc_column_container vc_col-sm-6 vc_col-lg-4 vc_col-md-5 vc_col-has-fill\"><div class=\"vc_column-inner vc_custom_1726266623197 black_section  transparent_film text-right boxed_plus\"><div class=\"wpb_wrapper\">\n\t<div class=\"wpb_text_column wpb_content_element\" >\n\t\t<div class=\"wpb_wrapper\">\n\t\t\t<p style=\"text-align: justify;\">Der Balaton Park Circuit wurde nach den h\u00f6chsten Sicherheitsstandards und -vorschriften geplant und gebaut und ist mit \u201eTecpro\u201c-Barrieren und der neuesten \u201eMyLaps\u201c-Technologie einschlie\u00dflich GPS, LED-Panels und Zeitmesssystemen ausgestattet. Es gelten die FIA Grade 1 Standards (zun\u00e4chst wird eine Grade 2 Lizenz beantragt), da auf der Strecke sowohl regionale als auch internationale Rennveranstaltungen stattfinden werden.<\/p>\n\n\t\t<\/div>\n\t<\/div>\n<\/div><\/div><\/div><\/div><div class=\"vc_row-full-width vc_clearfix\"><\/div><div data-vc-full-width=\"true\" data-vc-full-width-init=\"false\" data-vc-stretch-content=\"true\" class=\"vc_row wpb_row vc_row-fluid vc_custom_1726266637536 vc_row-has-fill vc_row-o-content-middle vc_row-flex padding_top_none\"><div class=\"wpb_column vc_column_container vc_col-sm-8\"><div class=\"vc_column-inner\"><div class=\"wpb_wrapper\"><div class=\"vc_empty_space\"   style=\"height: 300px\"><span class=\"vc_empty_space_inner\"><\/span><\/div><div class=\"vc_empty_space\"   style=\"height: 300px\"><span class=\"vc_empty_space_inner\"><\/span><\/div><\/div><\/div><\/div><div class=\"wpb_column vc_column_container vc_col-sm-6 vc_col-lg-4 vc_col-md-5\"><div class=\"vc_column-inner  black_section  transparent_film text-left boxed_plus\"><div class=\"wpb_wrapper\">\n\t<div class=\"wpb_text_column wpb_content_element\" >\n\t\t<div class=\"wpb_wrapper\">\n\t\t\t<p style=\"text-align: justify;\">Zu den Einrichtungen geh\u00f6ren 48 Boxengaragen, ger\u00e4umige VIP-Bereiche und -Lounges mit einem ausgezeichneten Catering-Service, ein gro\u00dfes Medienzentrum, ein medizinisches Zentrum und zwei zus\u00e4tzliche Fahrerlagerbereiche. Das 4-Sterne-Hotel mit 145 Zimmern und direktem Blick auf die Rennstrecke befindet sich im Bau.<\/p>\n\n\t\t<\/div>\n\t<\/div>\n<\/div><\/div><\/div><\/div><div class=\"vc_row-full-width vc_clearfix\"><\/div><div data-vc-full-width=\"true\" data-vc-full-width-init=\"false\" data-vc-stretch-content=\"true\" class=\"vc_row wpb_row vc_row-fluid vc_custom_1726266546971 vc_row-has-fill vc_row-no-padding vc_row-o-content-middle vc_row-flex padding_top_none padding_bottom_none\"><div class=\"col-sm-push-6 wpb_column vc_column_container vc_col-sm-6 vc_col-lg-8 vc_col-md-7 vc_col-has-fill\"><div class=\"vc_column-inner vc_custom_1726264945896\"><div class=\"wpb_wrapper\"><div class=\"vc_empty_space\"   style=\"height: 300px\"><span class=\"vc_empty_space_inner\"><\/span><\/div><div class=\"vc_empty_space\"   style=\"height: 300px\"><span class=\"vc_empty_space_inner\"><\/span><\/div><\/div><\/div><\/div><div class=\"col-sm-pull-6 col-md-pull-6 col-lg-pull-7 wpb_column vc_column_container vc_col-sm-6 vc_col-lg-4 vc_col-md-5 vc_col-has-fill\"><div class=\"vc_column-inner vc_custom_1726265459356 black_section  transparent_film text-right boxed_plus\"><div class=\"wpb_wrapper\">\n\t<div class=\"wpb_text_column wpb_content_element\" >\n\t\t<div class=\"wpb_wrapper\">\n\t\t\t<p style=\"text-align: justify;\">Die Strecke, das Fahrerlager und die Lounges k\u00f6nnen gemietet werden. Es wird eine Vielzahl von zus\u00e4tzlichen Dienstleistungen angeboten, darunter Catering, Filmaufnahmen, Hubschrauber und mehr.<\/p>\n\n\t\t<\/div>\n\t<\/div>\n<\/div><\/div><\/div><\/div><div class=\"vc_row-full-width vc_clearfix\"><\/div><div data-vc-full-width=\"true\" data-vc-full-width-init=\"false\" class=\"vc_row wpb_row vc_row-fluid vc_custom_1726249742418 vc_row-has-fill\"><div class=\"wpb_column vc_column_container vc_col-sm-6\"><div class=\"vc_column-inner\"><div class=\"wpb_wrapper\">\n\t<div  class=\"wpb_single_image wpb_content_element vc_align_right\">\n\t\t\n\t\t<figure class=\"wpb_wrapper vc_figure\">\n\t\t\t<div class=\"vc_single_image-wrapper   vc_box_border_grey\"><img loading=\"lazy\" decoding=\"async\" width=\"1242\" height=\"908\" src=\"https:\/\/balatonparkhotel.com\/wp-content\/uploads\/2025\/02\/BPC-x-BPH-track-1.webp\" class=\"vc_single_image-img attachment-full\" alt=\"\" title=\"BPC x BPH Spur (1)\" srcset=\"https:\/\/balatonparkhotel.com\/wp-content\/uploads\/2025\/02\/BPC-x-BPH-track-1.webp 1242w, https:\/\/balatonparkhotel.com\/wp-content\/uploads\/2025\/02\/BPC-x-BPH-track-1-300x219.webp 300w, https:\/\/balatonparkhotel.com\/wp-content\/uploads\/2025\/02\/BPC-x-BPH-track-1-1024x749.webp 1024w, https:\/\/balatonparkhotel.com\/wp-content\/uploads\/2025\/02\/BPC-x-BPH-track-1-768x561.webp 768w, https:\/\/balatonparkhotel.com\/wp-content\/uploads\/2025\/02\/BPC-x-BPH-track-1-16x12.webp 16w\" sizes=\"auto, (max-width: 1242px) 100vw, 1242px\" \/><\/div>\n\t\t<\/figure>\n\t<\/div>\n<\/div><\/div><\/div><div class=\"wpb_column vc_column_container vc_col-sm-6\"><div class=\"vc_column-inner vc_custom_1726249920914\"><div class=\"wpb_wrapper\"><div class=\"heading_group_sc wpb_content_element subtitle_bottom    text-left\">\n\n\n    <h2>DIE VERBINDUNG<\/h2>\n\n\n        <span class=\"subtitle\"><\/span>\n\n<\/div><div class=\"heading_group_sc wpb_content_element subtitle_bottom    text-left\">\n\n\n    <p style=\"text-align: justify;\">Das Balaton Park Hotel ist in einzigartiger Weise mit der Balaton Park Rennstrecke verbunden und bietet eine nahtlose Mischung aus Luxus und Motorsportbegeisterung. Das Hotel liegt direkt neben der Rennstrecke und verf\u00fcgt \u00fcber Zimmer mit atemberaubendem Blick auf die Rennstrecke, so dass die G\u00e4ste spannende Rennen und Veranstaltungen direkt von ihren Unterk\u00fcnften aus miterleben k\u00f6nnen. Die unmittelbare N\u00e4he zur Rennstrecke macht das Balaton Park Hotel zu einem idealen Reiseziel, das sowohl Entspannung als auch adrenalingeladene Abenteuer bietet. Die Synergie zwischen dem Hotel und der Rennstrecke bietet einen exklusiven R\u00fcckzugsort, an dem hochoktanige Unterhaltung auf anspruchsvolle Gastfreundschaft trifft.<\/p>\n\n\n        <span class=\"subtitle\"><\/span>\n\n<\/div><div class=\"plethora_button wpb_content_element   text-left\">\n    <a href=\"https:\/\/www.balatonparkcircuit.com\/\" class=\"btn btn-default\" title=\"\"  target=\"_blank\">\n\n        \n        Balaton Park Circuit Webseite\n        \n\n    <\/a>\n<\/div><\/div><\/div><\/div><\/div><div class=\"vc_row-full-width vc_clearfix\"><\/div>\n<\/div>","protected":false},"excerpt":{"rendered":"SPORT INTERNATIONAL RACE TRACK for speed and sports car enthusiasts Balaton Park Circuit is a unique racetrack in Hungary, designed to meet the highest international standards. Located near the shores of Lake Balaton, the track offers thrilling turns and long straights, perfect for motorsport enthusiasts. With state-of-the-art facilities and the dynamic atmosphere of the races, [...]","protected":false},"author":1,"featured_media":3213,"parent":0,"menu_order":0,"comment_status":"closed","ping_status":"closed","template":"","meta":{"footnotes":""},"class_list":["post-42","page","type-page","status-publish","has-post-thumbnail","hentry"],"aioseo_notices":[],"_links":{"self":[{"href":"https:\/\/balatonparkhotel.com\/de\/wp-json\/wp\/v2\/pages\/42","targetHints":{"allow":["GET"]}}],"collection":[{"href":"https:\/\/balatonparkhotel.com\/de\/wp-json\/wp\/v2\/pages"}],"about":[{"href":"https:\/\/balatonparkhotel.com\/de\/wp-json\/wp\/v2\/types\/page"}],"author":[{"embeddable":true,"href":"https:\/\/balatonparkhotel.com\/de\/wp-json\/wp\/v2\/users\/1"}],"replies":[{"embeddable":true,"href":"https:\/\/balatonparkhotel.com\/de\/wp-json\/wp\/v2\/comments?post=42"}],"version-history":[{"count":147,"href":"https:\/\/balatonparkhotel.com\/de\/wp-json\/wp\/v2\/pages\/42\/revisions"}],"predecessor-version":[{"id":4388,"href":"https:\/\/balatonparkhotel.com\/de\/wp-json\/wp\/v2\/pages\/42\/revisions\/4388"}],"wp:featuredmedia":[{"embeddable":true,"href":"https:\/\/balatonparkhotel.com\/de\/wp-json\/wp\/v2\/media\/3213"}],"wp:attachment":[{"href":"https:\/\/balatonparkhotel.com\/de\/wp-json\/wp\/v2\/media?parent=42"}],"curies":[{"name":"WP","href":"https:\/\/api.w.org\/{rel}","templated":true}]}}