{"id":44,"date":"2016-11-24T18:10:10","date_gmt":"2016-11-24T18:10:10","guid":{"rendered":"http:\/\/plethorathemes.com\/hotel-xenia\/?page_id=44"},"modified":"2025-03-05T14:20:48","modified_gmt":"2025-03-05T13:20:48","slug":"gastronomie","status":"publish","type":"page","link":"https:\/\/balatonparkhotel.com\/de\/gastronomy\/","title":{"rendered":"Gastronomie"},"content":{"rendered":"<div class=\"wpb-content-wrapper\"><div data-vc-full-width=\"true\" data-vc-full-width-init=\"false\" class=\"vc_row wpb_row vc_row-fluid white_section padding_bottom_none\"><div class=\"wpb_column vc_column_container vc_col-sm-12\"><div class=\"vc_column-inner\"><div class=\"wpb_wrapper\">\n\t<div class=\"wpb_text_column wpb_content_element\" >\n\t\t<div class=\"wpb_wrapper\">\n\t\t\t<div class=\"heading_group_sc wpb_content_element subtitle_bottom    text-center\">\n        <div class=\"background_title\">Gourmet<\/div>\n\n\n    <h2>Lavendelpark<\/h2>\n<div id=\"gtx-trans\" style=\"position: absolute; left: 127px; top: 51.9062px;\">\n<div class=\"gtx-trans-icon\"><\/div>\n<\/div>\n\n\n        <span class=\"subtitle\">DER BESTE ORT, UM NEUE GESCHMACKSRICHTUNGEN ZU ENTDECKEN<\/span>\n\n<\/div><div class=\"heading_group_sc wpb_content_element subtitle_bottom    text-center\">\n\n\n    <hr class=\"horizontal-separator\" \/>\n\n\n        <span class=\"subtitle\"><\/span>\n\n<\/div>\n\n\t\t<\/div>\n\t<\/div>\n<\/div><\/div><\/div><\/div><div class=\"vc_row-full-width vc_clearfix\"><\/div><div data-vc-full-width=\"true\" data-vc-full-width-init=\"false\" class=\"vc_row wpb_row vc_row-fluid vc_row-o-content-middle vc_row-flex white_section padding_top_none padding_bottom_none\"><div class=\"col-sm-push-6 wpb_column vc_column_container vc_col-sm-6\"><div class=\"vc_column-inner\"><div class=\"wpb_wrapper\">\n\t<div  class=\"wpb_single_image wpb_content_element vc_align_left\">\n\t\t\n\t\t<figure class=\"wpb_wrapper vc_figure\">\n\t\t\t<div class=\"vc_single_image-wrapper   vc_box_border_grey\"><img loading=\"lazy\" decoding=\"async\" width=\"960\" height=\"540\" src=\"https:\/\/balatonparkhotel.com\/wp-content\/uploads\/2025\/02\/20241212__Etterem5-1024x576.webp\" class=\"vc_single_image-img attachment-large\" alt=\"\" title=\"Balaton-Park-Hotel-Restaurant\" srcset=\"https:\/\/balatonparkhotel.com\/wp-content\/uploads\/2025\/02\/20241212__Etterem5-1024x576.webp 1024w, https:\/\/balatonparkhotel.com\/wp-content\/uploads\/2025\/02\/20241212__Etterem5-300x169.webp 300w, https:\/\/balatonparkhotel.com\/wp-content\/uploads\/2025\/02\/20241212__Etterem5-768x432.webp 768w, https:\/\/balatonparkhotel.com\/wp-content\/uploads\/2025\/02\/20241212__Etterem5-1536x864.webp 1536w, https:\/\/balatonparkhotel.com\/wp-content\/uploads\/2025\/02\/20241212__Etterem5-18x10.webp 18w, https:\/\/balatonparkhotel.com\/wp-content\/uploads\/2025\/02\/20241212__Etterem5.webp 1920w\" sizes=\"auto, (max-width: 960px) 100vw, 960px\" \/><\/div>\n\t\t<\/figure>\n\t<\/div>\n<\/div><\/div><\/div><div class=\"col-sm-pull-6 wpb_column vc_column_container vc_col-sm-6\"><div class=\"vc_column-inner\"><div class=\"wpb_wrapper\">\n\t<div class=\"wpb_text_column wpb_content_element\" >\n\t\t<div class=\"wpb_wrapper\">\n\t\t\t<p style=\"text-align: justify;\"><strong>Im Lavendelpark<\/strong>, verbinden wir die besten lokalen Aromen mit internationaler kulinarischer Expertise, um ein unvergessliches Esserlebnis zu schaffen. Unser Restaurant befindet sich im Balaton Park Hotel und bietet eine stilvolle und dennoch entspannte Atmosph\u00e4re, die sowohl f\u00fcr zwanglose Mahlzeiten als auch f\u00fcr besondere Anl\u00e4sse geeignet ist. Ob Sie nun ein herzhaftes Fr\u00fchst\u00fcck, ein schnelles Mittagessen oder ein gem\u00fctliches Abendessen suchen, wir haben f\u00fcr jeden Geschmack etwas zu bieten. Unser Team bietet Ihnen einen tadellosen Service und kreiert Gerichte, bei denen die frischesten Zutaten im Mittelpunkt stehen.<\/p>\n\n\t\t<\/div>\n\t<\/div>\n<\/div><\/div><\/div><\/div><div class=\"vc_row-full-width vc_clearfix\"><\/div><div data-vc-full-width=\"true\" data-vc-full-width-init=\"false\" class=\"vc_row wpb_row vc_row-fluid vc_row-o-content-middle vc_row-flex white_section padding_top_none padding_bottom_none\"><div class=\"wpb_column vc_column_container vc_col-sm-6\"><div class=\"vc_column-inner\"><div class=\"wpb_wrapper\">\n\t<div  class=\"wpb_single_image wpb_content_element vc_align_left\">\n\t\t\n\t\t<figure class=\"wpb_wrapper vc_figure\">\n\t\t\t<div class=\"vc_single_image-wrapper   vc_box_border_grey\"><img loading=\"lazy\" decoding=\"async\" width=\"960\" height=\"540\" src=\"https:\/\/balatonparkhotel.com\/wp-content\/uploads\/2025\/02\/20230725_S.effectsResult-1024x576.webp\" class=\"vc_single_image-img attachment-large\" alt=\"\" title=\"Zimmer\" srcset=\"https:\/\/balatonparkhotel.com\/wp-content\/uploads\/2025\/02\/20230725_S.effectsResult-1024x576.webp 1024w, https:\/\/balatonparkhotel.com\/wp-content\/uploads\/2025\/02\/20230725_S.effectsResult-300x169.webp 300w, https:\/\/balatonparkhotel.com\/wp-content\/uploads\/2025\/02\/20230725_S.effectsResult-768x432.webp 768w, https:\/\/balatonparkhotel.com\/wp-content\/uploads\/2025\/02\/20230725_S.effectsResult-1536x864.webp 1536w, https:\/\/balatonparkhotel.com\/wp-content\/uploads\/2025\/02\/20230725_S.effectsResult-18x10.webp 18w, https:\/\/balatonparkhotel.com\/wp-content\/uploads\/2025\/02\/20230725_S.effectsResult.webp 1920w\" sizes=\"auto, (max-width: 960px) 100vw, 960px\" \/><\/div>\n\t\t<\/figure>\n\t<\/div>\n<\/div><\/div><\/div><div class=\"wpb_column vc_column_container vc_col-sm-6\"><div class=\"vc_column-inner\"><div class=\"wpb_wrapper\">\n\t<div class=\"wpb_text_column wpb_content_element\" >\n\t\t<div class=\"wpb_wrapper\">\n\t\t\t<p style=\"text-align: justify;\"><strong>Essen mit Aussicht<\/strong> - Der Lavender Park bietet einen atemberaubenden Blick auf den Balaton Park Circuit und die umliegende Landschaft, was eine malerische Kulisse f\u00fcr Ihre Mahlzeit schafft. Unsere Terrasse ist der perfekte Ort, um die Landschaft zu genie\u00dfen, w\u00e4hrend Sie Ihre Lieblingsgerichte probieren. Egal, ob Sie f\u00fcr ein romantisches Abendessen oder ein zwangloses Essen mit Freunden hier sind, die sch\u00f6ne Umgebung verleiht Ihrem Esserlebnis eine besondere Note. Lassen Sie sich von der ruhigen Aussicht den Geschmack Ihrer Mahlzeit schmecken und schaffen Sie Erinnerungen, die noch lange nach Ihrem Besuch anhalten.<\/p>\n\n\t\t<\/div>\n\t<\/div>\n<\/div><\/div><\/div><\/div><div class=\"vc_row-full-width vc_clearfix\"><\/div><div data-vc-full-width=\"true\" data-vc-full-width-init=\"false\" class=\"vc_row wpb_row vc_row-fluid vc_row-o-content-middle vc_row-flex white_section padding_top_none padding_bottom_none\"><div class=\"col-sm-push-6 wpb_column vc_column_container vc_col-sm-6\"><div class=\"vc_column-inner\"><div class=\"wpb_wrapper\">\n\t<div  class=\"wpb_single_image wpb_content_element vc_align_left\">\n\t\t\n\t\t<figure class=\"wpb_wrapper vc_figure\">\n\t\t\t<div class=\"vc_single_image-wrapper   vc_box_border_grey\"><img loading=\"lazy\" decoding=\"async\" width=\"960\" height=\"540\" src=\"https:\/\/balatonparkhotel.com\/wp-content\/uploads\/2025\/02\/20241212__Etterem3-1024x576.webp\" class=\"vc_single_image-img attachment-large\" alt=\"\" title=\"Balaton-Park-Hotel-Restaurant\" srcset=\"https:\/\/balatonparkhotel.com\/wp-content\/uploads\/2025\/02\/20241212__Etterem3-1024x576.webp 1024w, https:\/\/balatonparkhotel.com\/wp-content\/uploads\/2025\/02\/20241212__Etterem3-300x169.webp 300w, https:\/\/balatonparkhotel.com\/wp-content\/uploads\/2025\/02\/20241212__Etterem3-768x432.webp 768w, https:\/\/balatonparkhotel.com\/wp-content\/uploads\/2025\/02\/20241212__Etterem3-1536x864.webp 1536w, https:\/\/balatonparkhotel.com\/wp-content\/uploads\/2025\/02\/20241212__Etterem3-18x10.webp 18w, https:\/\/balatonparkhotel.com\/wp-content\/uploads\/2025\/02\/20241212__Etterem3.webp 1920w\" sizes=\"auto, (max-width: 960px) 100vw, 960px\" \/><\/div>\n\t\t<\/figure>\n\t<\/div>\n<\/div><\/div><\/div><div class=\"col-sm-pull-6 wpb_column vc_column_container vc_col-sm-6\"><div class=\"vc_column-inner\"><div class=\"wpb_wrapper\">\n\t<div class=\"wpb_text_column wpb_content_element\" >\n\t\t<div class=\"wpb_wrapper\">\n\t\t\t<p style=\"text-align: justify;\"><strong>Unser Men\u00fc<\/strong> ist ein Fest der ungarischen kulinarischen Traditionen, die mit einem modernen Touch versehen sind. Von Fisch aus der Region \u00fcber frische Produkte bis hin zu internationalen Spezialit\u00e4ten bieten wir eine breite Palette an Geschmacksrichtungen. Ganz gleich, ob Sie sich nach den klassischen Aromen des Balaton-Barsches sehnen oder sich von den Spezialit\u00e4ten unseres K\u00fcchenchefs verw\u00f6hnen lassen - jede Mahlzeit ist eine Reise durch die besten Zutaten der Region. Wir bieten auch eine erlesene Auswahl an ungarischen Weinen an, die perfekt zu unseren Gerichten passen und f\u00fcr ein gehobenes Esserlebnis sorgen.<\/p>\n<div id=\"gtx-trans\" style=\"position: absolute; left: -21px; top: 38px;\">\n<div class=\"gtx-trans-icon\"><\/div>\n<\/div>\n\n\t\t<\/div>\n\t<\/div>\n<\/div><\/div><\/div><\/div><div class=\"vc_row-full-width vc_clearfix\"><\/div><div data-vc-full-width=\"true\" data-vc-full-width-init=\"false\" class=\"vc_row wpb_row vc_row-fluid vc_row-o-content-middle vc_row-flex white_section padding_top_none padding_bottom_none\"><div class=\"wpb_column vc_column_container vc_col-sm-6\"><div class=\"vc_column-inner\"><div class=\"wpb_wrapper\">\n\t<div  class=\"wpb_single_image wpb_content_element vc_align_left\">\n\t\t\n\t\t<figure class=\"wpb_wrapper vc_figure\">\n\t\t\t<div class=\"vc_single_image-wrapper   vc_box_border_grey\"><img loading=\"lazy\" decoding=\"async\" width=\"960\" height=\"540\" src=\"https:\/\/balatonparkhotel.com\/wp-content\/uploads\/2025\/02\/20241212__Etterem7-1024x576.webp\" class=\"vc_single_image-img attachment-large\" alt=\"\" title=\"Balaton-Park-Hotel-Catering\" srcset=\"https:\/\/balatonparkhotel.com\/wp-content\/uploads\/2025\/02\/20241212__Etterem7-1024x576.webp 1024w, https:\/\/balatonparkhotel.com\/wp-content\/uploads\/2025\/02\/20241212__Etterem7-300x169.webp 300w, https:\/\/balatonparkhotel.com\/wp-content\/uploads\/2025\/02\/20241212__Etterem7-768x432.webp 768w, https:\/\/balatonparkhotel.com\/wp-content\/uploads\/2025\/02\/20241212__Etterem7-1536x864.webp 1536w, https:\/\/balatonparkhotel.com\/wp-content\/uploads\/2025\/02\/20241212__Etterem7-18x10.webp 18w, https:\/\/balatonparkhotel.com\/wp-content\/uploads\/2025\/02\/20241212__Etterem7.webp 1920w\" sizes=\"auto, (max-width: 960px) 100vw, 960px\" \/><\/div>\n\t\t<\/figure>\n\t<\/div>\n<\/div><\/div><\/div><div class=\"wpb_column vc_column_container vc_col-sm-6\"><div class=\"vc_column-inner\"><div class=\"wpb_wrapper\">\n\t<div class=\"wpb_text_column wpb_content_element\" >\n\t\t<div class=\"wpb_wrapper\">\n\t\t\t<p style=\"text-align: justify;\"><strong>Private Veranstaltungen &amp; Catering<\/strong> - Sie suchen den perfekten Ort f\u00fcr Ihre besondere Veranstaltung? Lavender Park ist die ideale Wahl f\u00fcr die Ausrichtung von Gesch\u00e4ftsessen bis hin zu intimen Feiern. Unser Team kann ein individuelles Men\u00fc f\u00fcr Ihren Anlass zusammenstellen und daf\u00fcr sorgen, dass jedes Detail perfekt ist. Ganz gleich, ob es sich um eine private Feier, ein Firmenevent oder ein Catering f\u00fcr eine externe Veranstaltung handelt, wir setzen alles daran, Ihre Veranstaltung unvergesslich zu machen.<\/p>\n\n\t\t<\/div>\n\t<\/div>\n<\/div><\/div><\/div><\/div><div class=\"vc_row-full-width vc_clearfix\"><\/div>\n<\/div>","protected":false},"excerpt":{"rendered":"GOURMET LAVENDER PARK THE BEST PLACE TO DISCOVER NEW FLAVOURS At Lavender Park, we combine the best of local flavors with international culinary expertise to create an unforgettable dining experience. Located within the Balaton Park Hotel, our restaurant offers a stylish yet relaxed atmosphere, perfect for both casual meals and special occasions. Whether you're looking [...]","protected":false},"author":1,"featured_media":3709,"parent":0,"menu_order":0,"comment_status":"closed","ping_status":"closed","template":"","meta":{"footnotes":""},"class_list":["post-44","page","type-page","status-publish","has-post-thumbnail","hentry"],"aioseo_notices":[],"_links":{"self":[{"href":"https:\/\/balatonparkhotel.com\/de\/wp-json\/wp\/v2\/pages\/44","targetHints":{"allow":["GET"]}}],"collection":[{"href":"https:\/\/balatonparkhotel.com\/de\/wp-json\/wp\/v2\/pages"}],"about":[{"href":"https:\/\/balatonparkhotel.com\/de\/wp-json\/wp\/v2\/types\/page"}],"author":[{"embeddable":true,"href":"https:\/\/balatonparkhotel.com\/de\/wp-json\/wp\/v2\/users\/1"}],"replies":[{"embeddable":true,"href":"https:\/\/balatonparkhotel.com\/de\/wp-json\/wp\/v2\/comments?post=44"}],"version-history":[{"count":75,"href":"https:\/\/balatonparkhotel.com\/de\/wp-json\/wp\/v2\/pages\/44\/revisions"}],"predecessor-version":[{"id":4142,"href":"https:\/\/balatonparkhotel.com\/de\/wp-json\/wp\/v2\/pages\/44\/revisions\/4142"}],"wp:featuredmedia":[{"embeddable":true,"href":"https:\/\/balatonparkhotel.com\/de\/wp-json\/wp\/v2\/media\/3709"}],"wp:attachment":[{"href":"https:\/\/balatonparkhotel.com\/de\/wp-json\/wp\/v2\/media?parent=44"}],"curies":[{"name":"WP","href":"https:\/\/api.w.org\/{rel}","templated":true}]}}