{"id":48,"date":"2016-11-24T18:10:50","date_gmt":"2016-11-24T18:10:50","guid":{"rendered":"http:\/\/plethorathemes.com\/hotel-xenia\/?page_id=48"},"modified":"2026-03-17T12:39:39","modified_gmt":"2026-03-17T11:39:39","slug":"kontakt","status":"publish","type":"page","link":"https:\/\/balatonparkhotel.com\/de\/contact\/","title":{"rendered":"Kontakt"},"content":{"rendered":"<div class=\"wpb-content-wrapper\"><div data-vc-full-width=\"true\" data-vc-full-width-init=\"false\" class=\"vc_row wpb_row vc_row-fluid vc_custom_1750148415355 vc_row-has-fill primary_section padding_bottom_none\"><div class=\"wpb_column vc_column_container vc_col-sm-8 vc_col-sm-offset-2\"><div class=\"vc_column-inner\"><div class=\"wpb_wrapper\">\n\t<div class=\"wpb_text_column wpb_content_element\" >\n\t\t<div class=\"wpb_wrapper\">\n\t\t\t<h3 style=\"text-align: center;\"><span style=\"color: #333333;\">BALATON PARK HOTEL STANDORT<\/span><\/h3>\n<p style=\"text-align: center;\"><span style=\"color: #333333;\">Das Hotel befindet sich in Balatonf\u0151kaj\u00e1r, 2 km von der Ausfahrt 710 der Autobahn M7 entfernt, direkt neben der Motorsport-Rennstrecke Balaton Park Circuit.<\/span><\/p>\n<div id=\"gtx-trans\" style=\"position: absolute; left: 318px; top: 63.5156px;\">\n<div class=\"gtx-trans-icon\"><\/div>\n<\/div>\n\n\t\t<\/div>\n\t<\/div>\n<\/div><\/div><\/div><\/div><div class=\"vc_row-full-width vc_clearfix\"><\/div><div data-vc-full-width=\"true\" data-vc-full-width-init=\"false\" class=\"vc_row wpb_row vc_row-fluid vc_custom_1741181025508 vc_row-has-fill primary_section padding_top_none\"><div class=\"wpb_column vc_column_container vc_col-sm-4\"><div class=\"vc_column-inner\"><div class=\"wpb_wrapper\"><div class=\"vc_icon_element vc_icon_element-outer vc_custom_1726161974374 vc_icon_element-align-center\"><div class=\"vc_icon_element-inner vc_icon_element-color-turquoise vc_icon_element-size-xl vc_icon_element-style- vc_icon_element-background-color-grey\" ><span class=\"vc_icon_element-icon fas fa-mobile-alt\" ><\/span><\/div><\/div>\n\t<div class=\"wpb_text_column wpb_content_element  vc_custom_1726162014726\" >\n\t\t<div class=\"wpb_wrapper\">\n\t\t\t<p style=\"text-align: center;\"><span style=\"color: #33cccc;\"><b>TELEFON<\/b><\/span><\/p>\n\n\t\t<\/div>\n\t<\/div>\n\n\t<div class=\"wpb_text_column wpb_content_element\" >\n\t\t<div class=\"wpb_wrapper\">\n\t\t\t<p style=\"text-align: center;\"><span style=\"color: #333333;\">Gerne beantworten wir Ihre Fragen telefonisch oder geben Ihnen bei Bedarf eine Wegbeschreibung.<\/span><br \/>\n<span style=\"color: #333333;\"><strong>+36 88\u00a0622\u00a0000<\/strong><\/span><\/p>\n\n\t\t<\/div>\n\t<\/div>\n<\/div><\/div><\/div><div class=\"wpb_column vc_column_container vc_col-sm-4\"><div class=\"vc_column-inner\"><div class=\"wpb_wrapper\"><div class=\"vc_icon_element vc_icon_element-outer vc_custom_1726161980979 vc_icon_element-align-center\"><div class=\"vc_icon_element-inner vc_icon_element-color-turquoise vc_icon_element-size-xl vc_icon_element-style- vc_icon_element-background-color-grey\" ><span class=\"vc_icon_element-icon far fa-envelope\" ><\/span><\/div><\/div>\n\t<div class=\"wpb_text_column wpb_content_element  vc_custom_1726162024370\" >\n\t\t<div class=\"wpb_wrapper\">\n\t\t\t<p style=\"text-align: center;\"><span style=\"color: #33cccc;\"><b>E-Mail<\/b><\/span><\/p>\n\n\t\t<\/div>\n\t<\/div>\n\n\t<div class=\"wpb_text_column wpb_content_element\" >\n\t\t<div class=\"wpb_wrapper\">\n\t\t\t<p style=\"text-align: center;\"><span style=\"color: #333333;\">Wenn Sie Fragen haben, schicken Sie uns einfach eine E-Mail und wir werden Ihnen gerne antworten.<\/span><br \/>\n<span style=\"color: #333333;\"><b>reservation@balatonparkhotel.com<\/b><\/span><\/p>\n\n\t\t<\/div>\n\t<\/div>\n<\/div><\/div><\/div><div class=\"wpb_column vc_column_container vc_col-sm-4\"><div class=\"vc_column-inner\"><div class=\"wpb_wrapper\"><div class=\"vc_icon_element vc_icon_element-outer vc_custom_1726161990287 vc_icon_element-align-center\"><div class=\"vc_icon_element-inner vc_icon_element-color-turquoise vc_icon_element-size-xl vc_icon_element-style- vc_icon_element-background-color-grey\" ><span class=\"vc_icon_element-icon vc-material vc-material-local_parking\" ><\/span><\/div><\/div>\n\t<div class=\"wpb_text_column wpb_content_element  vc_custom_1726162032266\" >\n\t\t<div class=\"wpb_wrapper\">\n\t\t\t<p style=\"text-align: center;\"><span style=\"color: #33cccc;\"><strong>PARKEN<\/strong><\/span><\/p>\n\n\t\t<\/div>\n\t<\/div>\n\n\t<div class=\"wpb_text_column wpb_content_element\" >\n\t\t<div class=\"wpb_wrapper\">\n\t\t\t<p style=\"text-align: center;\"><span style=\"color: #333333;\">Das Balaton Park Hotel verf\u00fcgt \u00fcber offene Parkpl\u00e4tze. F\u00fcr unsere G\u00e4ste stehen Elektroladestationen zur Verf\u00fcgung.<\/span><\/p>\n\n\t\t<\/div>\n\t<\/div>\n<\/div><\/div><\/div><\/div><div class=\"vc_row-full-width vc_clearfix\"><\/div><div id=\"testimonials\" data-vc-full-width=\"true\" data-vc-full-width-init=\"false\" class=\"vc_row wpb_row vc_row-fluid vc_custom_1750148731007 vc_row-has-fill light_section padding_bottom_none\"><div class=\"wpb_column vc_column_container vc_col-sm-8 vc_col-sm-offset-2\"><div class=\"vc_column-inner\"><div class=\"wpb_wrapper\"><div class=\"heading_group_sc wpb_content_element subtitle_bottom   vc_custom_1750148387888  text-center\">\n\n\n    <h2>TESTIMONIALS<\/h2>\n\n\n        <span class=\"subtitle\">UNSERE G\u00c4STE SIND UNS WICHTIG<\/span>\n\n<\/div>\n\t<div class=\"wpb_raw_code wpb_content_element wpb_raw_html\" >\n\t\t<div class=\"wpb_wrapper\">\n\t\t\t<iframe class=\"morgens-widget\" src=\"https:\/\/book.balatonparkhotel.com\/en\/feedbacks\/highlight\/\"\n        width=\"100%\" style=\"border: none; border-radius: 10px; box-shadow: 0 0 10px rgba(0,0,0,0.1);\">\n<\/iframe>\n\t\t<\/div>\n\t<\/div>\n<\/div><\/div><\/div><\/div><div class=\"vc_row-full-width vc_clearfix\"><\/div><div class=\"vc_row wpb_row vc_row-fluid primary_section padding_bottom_1-4\"><div class=\"wpb_column vc_column_container vc_col-sm-12\"><div class=\"vc_column-inner\"><div class=\"wpb_wrapper\"><div class=\"plethora_button wpb_content_element   text-left\">\n    <a href=\"https:\/\/maps.app.goo.gl\/3X5p9auxHSpZejau7\" class=\"btn btn-inv btn-secondary\" title=\"\"  target=\"_blank\">\n\n        \n        PLANEN SIE IHREN AUSFLUG\n        \n\n    <\/a>\n<\/div><div class=\"wpb_gmaps_widget wpb_content_element\"><div class=\"wpb_wrapper\"><div class=\"wpb_map_wraper\"><iframe src=\"https:\/\/www.google.com\/maps\/embed?pb=!1m18!1m12!1m3!1d2720.4988794115925!2d18.199651676194986!3d47.01081177114129!2m3!1f0!2f0!3f0!3m2!1i1024!2i768!4f13.1!3m3!1m2!1s0x4769ebf3fe11f429%3A0x912b4417f2170652!2sBalaton%20Park%20Hotel!5e0!3m2!1shu!2shu!4v1773747503131!5m2!1shu!2shu\" width=\"600\" height=\"450\" style=\"border:0;\" allowfullscreen=\"\" loading=\"lazy\" referrerpolicy=\"no-referrer-when-downgrade\"><\/iframe><\/div><\/div><\/div><\/div><\/div><\/div><\/div><div data-vc-full-width=\"true\" data-vc-full-width-init=\"false\" class=\"vc_row wpb_row vc_row-fluid primary_section padding_top_none\"><div class=\"wpb_column vc_column_container vc_col-sm-6\"><div class=\"vc_column-inner\"><div class=\"wpb_wrapper\"><div class=\"vc_icon_element vc_icon_element-outer vc_custom_1750426509343 vc_icon_element-align-center\"><div class=\"vc_icon_element-inner vc_icon_element-color-turquoise vc_icon_element-size-xl vc_icon_element-style- vc_icon_element-background-color-grey\" ><span class=\"vc_icon_element-icon fas fa-car\" ><\/span><\/div><\/div>\n\t<div class=\"wpb_text_column wpb_content_element  vc_custom_1750426552101\" >\n\t\t<div class=\"wpb_wrapper\">\n\t\t\t<p style=\"text-align: center;\"><span style=\"color: #33cccc;\"><b>mit Auto<\/b><\/span><\/p>\n\n\t\t<\/div>\n\t<\/div>\n\n\t<div class=\"wpb_text_column wpb_content_element\" >\n\t\t<div class=\"wpb_wrapper\">\n\t\t\t<p style=\"text-align: center;\">Das Balaton Park Hotel ist leicht mit dem Auto \u00fcber die Autobahn M7 zu erreichen, nehmen Sie die Ausfahrt 710 bei Balatonf\u0151kaj\u00e1r. Das Hotel befindet sich in 8164 Balatonf\u0151kaj\u00e1r, V\u00e1s\u00e1rt\u00e9r \u00fat 11, und bietet Parkpl\u00e4tze vor Ort und Ladestationen f\u00fcr Elektrofahrzeuge.<\/p>\n\n\t\t<\/div>\n\t<\/div>\n<\/div><\/div><\/div><div class=\"wpb_column vc_column_container vc_col-sm-6\"><div class=\"vc_column-inner\"><div class=\"wpb_wrapper\"><div class=\"vc_icon_element vc_icon_element-outer vc_custom_1750426530390 vc_icon_element-align-center\"><div class=\"vc_icon_element-inner vc_icon_element-color-turquoise vc_icon_element-size-xl vc_icon_element-style- vc_icon_element-background-color-grey\" ><span class=\"vc_icon_element-icon fas fa-bus\" ><\/span><\/div><\/div>\n\t<div class=\"wpb_text_column wpb_content_element  vc_custom_1750426568873\" >\n\t\t<div class=\"wpb_wrapper\">\n\t\t\t<p style=\"text-align: center;\"><span style=\"color: #33cccc;\"><b>\u00d6FFENTLICHE VERKEHRSMITTEL<\/b><\/span><\/p>\n\n\t\t<\/div>\n\t<\/div>\n\n\t<div class=\"wpb_text_column wpb_content_element\" >\n\t\t<div class=\"wpb_wrapper\">\n\t\t\t<p style=\"text-align: center;\">Das Balaton Park Hotel ist mit \u00f6ffentlichen Verkehrsmitteln \u00fcber den Bahnhof Balatonf\u0151kaj\u00e1r zu erreichen, von wo aus eine kurze Taxifahrt oder ein 20-min\u00fctiger Spaziergang zum Hotel in der V\u00e1s\u00e1rt\u00e9r \u00fat 11 f\u00fchrt. Linienbusse in der unmittelbaren Umgebung verkehren nur selten, daher wird eine Vorausplanung empfohlen.<\/p>\n\n\t\t<\/div>\n\t<\/div>\n<\/div><\/div><\/div><\/div><div class=\"vc_row-full-width vc_clearfix\"><\/div><div id=\"newsletter_form\" data-vc-full-width=\"true\" data-vc-full-width-init=\"false\" class=\"vc_row wpb_row vc_row-fluid large_form vc_custom_1693376306888 vc_row-has-fill black_section transparent_film text-center\"><div class=\"wpb_column vc_column_container vc_col-sm-8 vc_col-sm-offset-2\"><div class=\"vc_column-inner\"><div class=\"wpb_wrapper\">\n\t<div class=\"wpb_text_column wpb_content_element  vc_custom_1726255495550\" >\n\t\t<div class=\"wpb_wrapper\">\n\t\t\t<p style=\"text-align: center;\">Abonnieren Sie unseren Newsletter, um als Erster von den exklusiven Angeboten des Balaton Park Hotels zu erfahren.<\/p>\n\n\t\t<\/div>\n\t<\/div>\n\n\t<div class=\"wpb_raw_code wpb_content_element wpb_raw_html\" >\n\t\t<div class=\"wpb_wrapper\">\n\t\t\t<div id=\"mc_embed_signup\">\n    <form action=\"https:\/\/balatonparkhotel.us9.list-manage.com\/subscribe\/post?u=2f8ec219e1b5e450c54c1ef42&amp;id=2fa5570b37&amp;f_id=00e8c8e1f0\" method=\"post\" id=\"mc-embedded-subscribe-form\" name=\"mc-embedded-subscribe-form\" class=\"validate\" target=\"_blank\">\n        <div class=\"mc-field-group\" style=\"margin-bottom: 15px;\">\n            <label for=\"mce-EMAIL\" style=\"display: block;\">E-Mail Adresse <span class=\"asterisk\">*<\/span><\/label>\n            <input type=\"email\" name=\"EMAIL\" class=\"required email\" id=\"mce-EMAIL\" required=\"\" value=\"\" style=\"width: 55%;\">\n        <\/div>\n        <div class=\"mc-field-group\" style=\"margin-bottom: 15px;\">\n            <label for=\"mce-FNAME\" style=\"display: block;\">Name<\/label>\n            <input type=\"text\" name=\"FNAME\" class=\"text\" id=\"mce-FNAME\" value=\"\" style=\"width: 100%;\">\n        <\/div>\n        <div id=\"mce-responses\" class=\"clear foot\">\n            <div class=\"response\" id=\"mce-error-response\" style=\"display: none;\"><\/div>\n            <div class=\"response\" id=\"mce-success-response\" style=\"display: none;\"><\/div>\n        <\/div>\n        <div aria-hidden=\"true\" style=\"position: absolute; left: -5000px;\">\n            <!-- real people should not fill this in and expect good things - do not remove this or risk form bot signups -->\n            <input type=\"text\" name=\"b_2f8ec219e1b5e450c54c1ef42_2fa5570b37\" tabindex=\"-1\" value=\"\">\n        <\/div>\n        <div class=\"optionalParent\">\n            <div class=\"clear foot\">\n                <input type=\"submit\" name=\"subscribe\" id=\"mc-embedded-subscribe\" class=\"button\" value=\"Abonnieren\" style=\"background-color: #03566C; color: white; border: none; padding: 10px 20px;\">\n            <\/div>\n        <\/div>\n    <\/form>\n<\/div>\n\t\t<\/div>\n\t<\/div>\n<\/div><\/div><\/div><\/div><div class=\"vc_row-full-width vc_clearfix\"><\/div>\n<\/div>","protected":false},"excerpt":{"rendered":"BALATON PARK HOTEL LOCATION The hotel is located in Balatonf\u0151kaj\u00e1r, 2km from the M7 motorway exit 710, directly next to the Balaton Park Circuit motorsport race track. PHONE We are happy to answer your questions by phone or give you directions if necessary. +36 88\u00a0622\u00a0000 E-MAIL If you have any questions, simply send us an [...]","protected":false},"author":1,"featured_media":3694,"parent":0,"menu_order":0,"comment_status":"closed","ping_status":"closed","template":"","meta":{"footnotes":""},"class_list":["post-48","page","type-page","status-publish","has-post-thumbnail","hentry"],"aioseo_notices":[],"_links":{"self":[{"href":"https:\/\/balatonparkhotel.com\/de\/wp-json\/wp\/v2\/pages\/48","targetHints":{"allow":["GET"]}}],"collection":[{"href":"https:\/\/balatonparkhotel.com\/de\/wp-json\/wp\/v2\/pages"}],"about":[{"href":"https:\/\/balatonparkhotel.com\/de\/wp-json\/wp\/v2\/types\/page"}],"author":[{"embeddable":true,"href":"https:\/\/balatonparkhotel.com\/de\/wp-json\/wp\/v2\/users\/1"}],"replies":[{"embeddable":true,"href":"https:\/\/balatonparkhotel.com\/de\/wp-json\/wp\/v2\/comments?post=48"}],"version-history":[{"count":102,"href":"https:\/\/balatonparkhotel.com\/de\/wp-json\/wp\/v2\/pages\/48\/revisions"}],"predecessor-version":[{"id":4389,"href":"https:\/\/balatonparkhotel.com\/de\/wp-json\/wp\/v2\/pages\/48\/revisions\/4389"}],"wp:featuredmedia":[{"embeddable":true,"href":"https:\/\/balatonparkhotel.com\/de\/wp-json\/wp\/v2\/media\/3694"}],"wp:attachment":[{"href":"https:\/\/balatonparkhotel.com\/de\/wp-json\/wp\/v2\/media?parent=48"}],"curies":[{"name":"WP","href":"https:\/\/api.w.org\/{rel}","templated":true}]}}