{"id":52,"date":"2016-11-24T18:11:23","date_gmt":"2016-11-24T18:11:23","guid":{"rendered":"http:\/\/plethorathemes.com\/hotel-xenia\/?page_id=52"},"modified":"2026-03-23T14:19:12","modified_gmt":"2026-03-23T13:19:12","slug":"heilbad","status":"publish","type":"page","link":"https:\/\/balatonparkhotel.com\/de\/spa\/","title":{"rendered":"Balaton Park Spa"},"content":{"rendered":"<div class=\"wpb-content-wrapper\"><div class=\"vc_row wpb_row vc_row-fluid primary_section padding_bottom_none\"><div class=\"wpb_column vc_column_container vc_col-sm-12\"><div class=\"vc_column-inner\"><div class=\"wpb_wrapper\"><div class=\"heading_group_sc wpb_content_element subtitle_bottom    text-center\">\n        <div class=\"background_title\">BEHANDLUNGEN<\/div>\n\n\n    <h2>SPZ<\/h2>\n<div id=\"gtx-trans\" style=\"position: absolute; left: -29px; top: -4.09375px;\">\n<div class=\"gtx-trans-icon\"><\/div>\n<\/div>\n\n\n        <span class=\"subtitle\">RUHE UND VERJ\u00dcNGUNG<\/span>\n\n<\/div><div class=\"heading_group_sc wpb_content_element subtitle_bottom   vc_custom_1774271947598  text-center\">\n\n\n    <p style=\"text-align: center;\">Egal, ob Sie einen entspannten oder aktiven Aufenthalt suchen, der Wellnessbereich des Balaton Park Spa mit seinen Whirlpools, Saunen und anderen Entspannungseinrichtungen sowie die modernen Technogym-Ger\u00e4te im Fitnessbereich werden den Bed\u00fcrfnissen unserer G\u00e4ste gerecht.<\/p>\n\n\n        <span class=\"subtitle\"><\/span>\n\n<\/div><div class=\"ple_anypostloop_shortcode wpb_content_element\"><div id=\"grid_5859199536081\" class=\"grid_wrapper row clearfix  services_grid_classic_vertical_wrapper\">\n<\/div><\/div><div class=\"vc_row wpb_row vc_inner vc_row-fluid\"><div class=\"wpb_column vc_column_container vc_col-sm-6\"><div class=\"vc_column-inner\"><div class=\"wpb_wrapper\"><!-- ========================== HOVER BOX ==========================-->\n\n<div style=\"background-image: url('https:\/\/balatonparkhotel.com\/wp-content\/uploads\/2026\/03\/Copy-of-139A5660.jpg')\" class=\"hoverbox wpb_content_element black_section neutralize_links stretchy_wrapper ratio_4-3   vc_custom_1774264580822\">\n<div class=\"hoverbox_tran black_section transparent_film\"><\/div>\n\t<a href=\"#\">\n\t\t<div class=\"hoverbox_title\">\n\t\t\t<h2>Wellness<\/h2>\n\t\t<\/div>\n\t\t<div class=\"hoverbox_paragraph\">\n\t\t\t<p><\/p>\n<ul type=\"disc\">\n<li>Eine 150 m\u00b2 gro\u00dfe Fl\u00e4che, die ausschlie\u00dflich der Entspannung gewidmet ist<\/li>\n<li>Zwei Arten von Whirlpools<\/li>\n<li>Finnische Sauna<\/li>\n<li>Infrarotsauna<\/li>\n<li>Liegest\u00fchle, Sonnenterrasse<\/li>\n<\/ul>\n<p><\/p>\n\t\t<\/div>\n\t<\/a>\t\n<\/div>\n\n<!-- END======================= HOVER BOX ==========================--><div class=\"heading_group_sc wpb_content_element subtitle_bottom   vc_custom_1774264564584  text-left\">\n\n\n    <h5>\u00d6ffnungszeiten des Spas: T\u00e4glich von 8:00 bis 20:00 Uhr.<\/h5>\n\n\n        <span class=\"subtitle\"><\/span>\n\n<\/div><\/div><\/div><\/div><div class=\"wpb_column vc_column_container vc_col-sm-6\"><div class=\"vc_column-inner\"><div class=\"wpb_wrapper\"><!-- ========================== HOVER BOX ==========================-->\n\n<div style=\"background-image: url('https:\/\/balatonparkhotel.com\/wp-content\/uploads\/2026\/03\/Copy-of-139A5536.jpg')\" class=\"hoverbox wpb_content_element black_section neutralize_links stretchy_wrapper ratio_4-3   vc_custom_1774264643086\">\n<div class=\"hoverbox_tran black_section transparent_film\"><\/div>\n\t<a href=\"#\">\n\t\t<div class=\"hoverbox_title\">\n\t\t\t<h2>Fitness<\/h2>\n\t\t<\/div>\n\t\t<div class=\"hoverbox_paragraph\">\n\t\t\t<p>Ein gespiegelter Fitnessraum, ausgestattet mit Technogym-Ger\u00e4ten, f\u00fcr k\u00f6rperliche Konditionierung konzipiert.<\/p>\n\t\t<\/div>\n\t<\/a>\t\n<\/div>\n\n<!-- END======================= HOVER BOX ==========================--><div class=\"heading_group_sc wpb_content_element subtitle_bottom   vc_custom_1774264614958  text-left\">\n\n\n    <h5>\u00d6ffnungszeiten des Fitnessraums: T\u00e4glich von 8:00 bis 20:00 Uhr.<\/h5>\n\n\n        <span class=\"subtitle\"><\/span>\n\n<\/div><\/div><\/div><\/div><\/div><\/div><\/div><\/div><\/div>\n<\/div>","protected":false},"excerpt":{"rendered":"TREATMENTS SPA CALM AND REJUVENATION Whether you\u2019re looking for a relaxing or active getaway, the Balaton Park Spa\u2019s wellness area with its hot tubs, saunas, and other relaxation facilities and the fitness area\u2019s modern Technogym equipment are sure to meet the needs of our guests. Wellness A 150 m\u00b2 area dedicated entirely to relaxation Two [...]","protected":false},"author":1,"featured_media":4490,"parent":0,"menu_order":0,"comment_status":"closed","ping_status":"closed","template":"","meta":{"footnotes":""},"class_list":["post-52","page","type-page","status-publish","has-post-thumbnail","hentry"],"aioseo_notices":[],"_links":{"self":[{"href":"https:\/\/balatonparkhotel.com\/de\/wp-json\/wp\/v2\/pages\/52","targetHints":{"allow":["GET"]}}],"collection":[{"href":"https:\/\/balatonparkhotel.com\/de\/wp-json\/wp\/v2\/pages"}],"about":[{"href":"https:\/\/balatonparkhotel.com\/de\/wp-json\/wp\/v2\/types\/page"}],"author":[{"embeddable":true,"href":"https:\/\/balatonparkhotel.com\/de\/wp-json\/wp\/v2\/users\/1"}],"replies":[{"embeddable":true,"href":"https:\/\/balatonparkhotel.com\/de\/wp-json\/wp\/v2\/comments?post=52"}],"version-history":[{"count":35,"href":"https:\/\/balatonparkhotel.com\/de\/wp-json\/wp\/v2\/pages\/52\/revisions"}],"predecessor-version":[{"id":4504,"href":"https:\/\/balatonparkhotel.com\/de\/wp-json\/wp\/v2\/pages\/52\/revisions\/4504"}],"wp:featuredmedia":[{"embeddable":true,"href":"https:\/\/balatonparkhotel.com\/de\/wp-json\/wp\/v2\/media\/4490"}],"wp:attachment":[{"href":"https:\/\/balatonparkhotel.com\/de\/wp-json\/wp\/v2\/media?parent=52"}],"curies":[{"name":"WP","href":"https:\/\/api.w.org\/{rel}","templated":true}]}}