{"id":1532,"date":"2023-07-27T15:37:49","date_gmt":"2023-07-27T13:37:49","guid":{"rendered":"https:\/\/annagrand.saxon.hu\/?page_id=1532"},"modified":"2026-04-16T08:17:13","modified_gmt":"2026-04-16T06:17:13","slug":"impresszum","status":"publish","type":"page","link":"https:\/\/balatonparkhotel.com\/hu\/impressum\/","title":{"rendered":"Impresszum"},"content":{"rendered":"<div class=\"wpb-content-wrapper\"><div class=\"vc_row wpb_row vc_row-fluid vc_custom_1690465986055\"><div class=\"wpb_column vc_column_container vc_col-sm-12\"><div class=\"vc_column-inner vc_custom_1690465453503\"><div class=\"wpb_wrapper\"><div class=\"heading_group_sc wpb_content_element subtitle_bottom   vc_custom_1726254031463  text-center\">\n        <div class=\"background_title\">ADATOK<\/div>\n\n\n    <h2>FONTOS ADATOK<\/h2>\n<div id=\"gtx-trans\" style=\"position: absolute; left: -167px; top: 51.9062px;\">\n<div class=\"gtx-trans-icon\"><\/div>\n<\/div>\n\n\n        <span class=\"subtitle\">BALATONPARKHOTEL.COM<\/span>\n\n<\/div><\/div><\/div><\/div><\/div><div class=\"vc_row wpb_row vc_row-fluid vc_custom_1690466270863\"><div class=\"wpb_column vc_column_container vc_col-sm-12 vc_col-lg-offset-2 vc_col-md-offset-2 vc_col-md-8 vc_col-sm-offset-0\"><div class=\"vc_column-inner vc_custom_1690466230251\"><div class=\"wpb_wrapper\">\n\t<div class=\"wpb_text_column wpb_content_element  vc_custom_1776320219276\" >\n\t\t<div class=\"wpb_wrapper\">\n\t\t\t<p>A Balaton Park Hotel \u00fczemeltet\u0151je a Balaton Park Hotel Kft.<\/p>\n<table>\n<tbody>\n<tr>\n<td><b>C\u00edm:<\/b><\/td>\n<td>H-1137 Budapest, J\u00e1szai Mari t\u00e9r 6. V\/36.<\/td>\n<\/tr>\n<tr>\n<td><b>Helysz\u00edn: <\/b><\/td>\n<td>H-8164, Balatonf\u0151kaj\u00e1r, Park utca 1<\/td>\n<\/tr>\n<tr>\n<td><b>Telefon: <\/b><\/td>\n<td>\u00a0+36 88 622 000<\/td>\n<\/tr>\n<tr>\n<td><b>E-mail:<\/b><\/td>\n<td><a href=\"mailto:info@balatonparkhotel.com\">info@balatonparkhotel.com<\/a><\/td>\n<\/tr>\n<tr>\n<td><b>\u00c1FA sz\u00e1m:<\/b><\/td>\n<td>26749107-2-41<\/td>\n<\/tr>\n<tr>\n<td><b>Bank<\/b><\/td>\n<td>OTP Bank<\/td>\n<\/tr>\n<tr>\n<td><b>Banksz\u00e1mla:<\/b><\/td>\n<td>11705022-21456389-00000000<\/td>\n<\/tr>\n<tr>\n<td><b>IBAN<\/b><\/td>\n<td>HU23 11763055-55961888-00000000<\/td>\n<\/tr>\n<tr>\n<td><b>Sz\u00e1ll\u00e1s t\u00edpusa:<\/b><\/td>\n<td>Hotel<\/td>\n<\/tr>\n<tr>\n<td><b>SWIFT k\u00f3d<\/b><\/td>\n<td>OTPVHUHB<\/td>\n<\/tr>\n<tr>\n<td><b>NTAK sz\u00e1m:<\/b><\/td>\n<td>SZ25109290<\/td>\n<\/tr>\n<\/tbody>\n<\/table>\n\n\t\t<\/div>\n\t<\/div>\n<\/div><\/div><\/div><\/div>\n<\/div>","protected":false},"excerpt":{"rendered":"DATAS IMPORTANT DATA BALATONPARKHOTEL.COM The operator of Balaton Park Hotel is Balaton Park Hotel Kft. Address: H-1137 Budapest, J\u00e1szai Mari t\u00e9r 6. V\/36. Location: H-8164, Balatonf\u0151kaj\u00e1r, Park St. 1 Phone: \u00a0+36 88 622 000 E-mail: info@balatonparkhotel.com VAT Number: 26749107-2-41 Bank: OTP Bank Bank Account: 11705022-21456389-00000000 IBAN: HU23 11763055-55961888-00000000 Accomodation type: Hotel SWIFT code: OTPVHUHB NTAK [...]","protected":false},"author":1,"featured_media":0,"parent":0,"menu_order":0,"comment_status":"closed","ping_status":"closed","template":"","meta":{"footnotes":""},"class_list":["post-1532","page","type-page","status-publish","hentry"],"aioseo_notices":[],"_links":{"self":[{"href":"https:\/\/balatonparkhotel.com\/hu\/wp-json\/wp\/v2\/pages\/1532","targetHints":{"allow":["GET"]}}],"collection":[{"href":"https:\/\/balatonparkhotel.com\/hu\/wp-json\/wp\/v2\/pages"}],"about":[{"href":"https:\/\/balatonparkhotel.com\/hu\/wp-json\/wp\/v2\/types\/page"}],"author":[{"embeddable":true,"href":"https:\/\/balatonparkhotel.com\/hu\/wp-json\/wp\/v2\/users\/1"}],"replies":[{"embeddable":true,"href":"https:\/\/balatonparkhotel.com\/hu\/wp-json\/wp\/v2\/comments?post=1532"}],"version-history":[{"count":31,"href":"https:\/\/balatonparkhotel.com\/hu\/wp-json\/wp\/v2\/pages\/1532\/revisions"}],"predecessor-version":[{"id":4509,"href":"https:\/\/balatonparkhotel.com\/hu\/wp-json\/wp\/v2\/pages\/1532\/revisions\/4509"}],"wp:attachment":[{"href":"https:\/\/balatonparkhotel.com\/hu\/wp-json\/wp\/v2\/media?parent=1532"}],"curies":[{"name":"wp","href":"https:\/\/api.w.org\/{rel}","templated":true}]}}