{"id":1848,"date":"2023-08-28T13:21:59","date_gmt":"2023-08-28T11:21:59","guid":{"rendered":"https:\/\/annagrand.saxon.hu\/?page_id=1848"},"modified":"2026-03-23T14:45:22","modified_gmt":"2026-03-23T13:45:22","slug":"szalloda","status":"publish","type":"page","link":"https:\/\/balatonparkhotel.com\/hu\/hotel\/","title":{"rendered":"Hotel"},"content":{"rendered":"<div class=\"wpb-content-wrapper\"><section class=\"vc_section vc_custom_1726063050891 vc_section-has-fill\"><div class=\"vc_row wpb_row vc_row-fluid vc_custom_1741179900007 vc_row-has-fill primary_section\"><div class=\"wpb_column vc_column_container vc_col-sm-12\"><div class=\"vc_column-inner\"><div class=\"wpb_wrapper\"><div class=\"heading_group_sc wpb_content_element subtitle_bottom    text-center\">\n        <div class=\"background_title\">BPH<\/div>\n\n\n    <h2>\u00dcdv\u00f6z\u00f6lj\u00fck a Balaton Park Hotelben<\/h2>\n\n\n        <span class=\"subtitle\">Ahol az \u00fczleti vil\u00e1g, a Balaton sz\u00e9ps\u00e9ge \u00e9s a versenyp\u00e1lya izgalmai tal\u00e1lkoznak!<\/span>\n\n<\/div>\n\t<div  class=\"wpb_single_image wpb_content_element vc_align_left\">\n\t\t\n\t\t<figure class=\"wpb_wrapper vc_figure\">\n\t\t\t<div class=\"vc_single_image-wrapper   vc_box_border_grey\"><img loading=\"lazy\" decoding=\"async\" width=\"1500\" height=\"1000\" src=\"https:\/\/balatonparkhotel.com\/wp-content\/uploads\/2026\/03\/2.-kep.webp\" class=\"vc_single_image-img attachment-full\" alt=\"\" title=\"2. k\u00e9p\" srcset=\"https:\/\/balatonparkhotel.com\/wp-content\/uploads\/2026\/03\/2.-kep.webp 1500w, https:\/\/balatonparkhotel.com\/wp-content\/uploads\/2026\/03\/2.-kep-300x200.webp 300w, https:\/\/balatonparkhotel.com\/wp-content\/uploads\/2026\/03\/2.-kep-1024x683.webp 1024w, https:\/\/balatonparkhotel.com\/wp-content\/uploads\/2026\/03\/2.-kep-768x512.webp 768w, https:\/\/balatonparkhotel.com\/wp-content\/uploads\/2026\/03\/2.-kep-18x12.webp 18w\" sizes=\"auto, (max-width: 1500px) 100vw, 1500px\" \/><\/div>\n\t\t<\/figure>\n\t<\/div>\n<div class=\"heading_group_sc wpb_content_element subtitle_bottom    text-center\">\n\n\n    <p>A Balaton Park Hotel Balatonf\u0151kaj\u00e1ron tal\u00e1lhat\u00f3, k\u00f6zvetlen\u00fcl az M7-es aut\u00f3p\u00e1lya mellett, \u00edgy k\u00f6nnyen megk\u00f6zel\u00edthet\u0151 mind a Budapestr\u0151l, mind a Balaton k\u00f6rny\u00e9k\u00e9r\u0151l \u00e9rkez\u0151 vend\u00e9gek sz\u00e1m\u00e1ra. A sz\u00e1lloda ide\u00e1lis \u00fczleti \u00e9s konferencia helysz\u00edn, 136 modern szob\u00e1val \u00e9s leny\u0171g\u00f6z\u0151 kil\u00e1t\u00e1ssal a Balaton Park Circuit versenyp\u00e1ly\u00e1ra. Ak\u00e1r \u00fczleti tal\u00e1lkoz\u00f3ra, rendezv\u00e9nyre, ak\u00e1r szabadid\u0151s c\u00e9llal \u00e9rkezik, itt megtal\u00e1lja a t\u00f6k\u00e9letes egyens\u00falyt a k\u00e9nyelem \u00e9s a professzion\u00e1lis kiszolg\u00e1l\u00e1s k\u00f6z\u00f6tt.<\/p>\n\n\n        <span class=\"subtitle\"><\/span>\n\n<\/div><\/div><\/div><\/div><\/div><div class=\"vc_row wpb_row vc_row-fluid vc_custom_1741179908069 vc_row-has-fill primary_section\"><div class=\"wpb_column vc_column_container vc_col-sm-12\"><div class=\"vc_column-inner\"><div class=\"wpb_wrapper\"><div class=\"plethora_button wpb_content_element  vc_custom_1726249594843  text-center\">\n    <a href=\"http:\/\/balatonparkhotel.com\/hu\/szobak\/\" class=\"btn btn-secondary\" title=\"Szob\u00e1ink\"  target=\"_self\">\n\n        \n        Szob\u00e1k\n        \n\n    <\/a>\n<\/div><\/div><\/div><\/div><\/div><div class=\"vc_row wpb_row vc_row-fluid vc_custom_1741179945716 vc_row-has-fill primary_section\"><div class=\"wpb_column vc_column_container vc_col-sm-12\"><div class=\"vc_column-inner  primary_section transparent\"><div class=\"wpb_wrapper\">\n<div class=\"vc_grid-container-wrapper vc_clearfix vc_grid-animation-zoomIn\">\n\t<div class=\"vc_grid-container vc_clearfix wpb_content_element vc_masonry_media_grid\" data-initial-loading-animation=\"zoomIn\" data-vc-grid-settings=\"{&quot;page_id&quot;:1848,&quot;style&quot;:&quot;all-masonry&quot;,&quot;action&quot;:&quot;vc_get_vc_grid_data&quot;,&quot;shortcode_id&quot;:&quot;1773407909658-910d5cef-45fa-0&quot;,&quot;tag&quot;:&quot;vc_masonry_media_grid&quot;}\" data-vc-request=\"https:\/\/balatonparkhotel.com\/wp-admin\/admin-ajax.php\" data-vc-post-id=\"1848\" data-vc-public-nonce=\"e692e07931\">\n\t\t\n\t<\/div>\n<\/div><\/div><\/div><\/div><\/div><\/section><div data-vc-full-width=\"true\" data-vc-full-width-init=\"false\" class=\"vc_row wpb_row vc_row-fluid vc_custom_1741179951868 vc_row-has-fill primary_section\"><div class=\"wpb_column vc_column_container vc_col-sm-6\"><div class=\"vc_column-inner\"><div class=\"wpb_wrapper\">\n\t<div  class=\"wpb_single_image wpb_content_element vc_align_right\">\n\t\t\n\t\t<figure class=\"wpb_wrapper vc_figure\">\n\t\t\t<div class=\"vc_single_image-wrapper   vc_box_border_grey\"><img loading=\"lazy\" decoding=\"async\" width=\"1242\" height=\"908\" src=\"https:\/\/balatonparkhotel.com\/wp-content\/uploads\/2024\/09\/BPC-x-BPH-track-01.png\" class=\"vc_single_image-img attachment-full\" alt=\"\" title=\"BPC x BPH p\u00e1lya-01\" srcset=\"https:\/\/balatonparkhotel.com\/wp-content\/uploads\/2024\/09\/BPC-x-BPH-track-01.png 1242w, https:\/\/balatonparkhotel.com\/wp-content\/uploads\/2024\/09\/BPC-x-BPH-track-01-300x219.png 300w, https:\/\/balatonparkhotel.com\/wp-content\/uploads\/2024\/09\/BPC-x-BPH-track-01-1024x749.png 1024w, https:\/\/balatonparkhotel.com\/wp-content\/uploads\/2024\/09\/BPC-x-BPH-track-01-768x561.png 768w, https:\/\/balatonparkhotel.com\/wp-content\/uploads\/2024\/09\/BPC-x-BPH-track-01-16x12.png 16w\" sizes=\"auto, (max-width: 1242px) 100vw, 1242px\" \/><\/div>\n\t\t<\/figure>\n\t<\/div>\n<\/div><\/div><\/div><div class=\"wpb_column vc_column_container vc_col-sm-6\"><div class=\"vc_column-inner vc_custom_1726249448094\"><div class=\"wpb_wrapper\"><div class=\"heading_group_sc wpb_content_element subtitle_bottom   vc_custom_1726249393243  text-left\">\n\n\n    <h2>A KAPCSOLAT<\/h2>\n\n\n        <span class=\"subtitle\"><\/span>\n\n<\/div><div class=\"heading_group_sc wpb_content_element subtitle_bottom    text-left\">\n\n\n    <p style=\"text-align: justify;\">A Balaton Park Hotel egyed\u00fcl\u00e1ll\u00f3 m\u00f3don kapcsol\u00f3dik a Balaton Park Circuit p\u00e1ly\u00e1hoz, a luxus \u00e9s a motorsport izgalmainak z\u00f6kken\u0151mentes \u00f6tv\u00f6zet\u00e9t k\u00edn\u00e1lva. A k\u00f6zvetlen\u00fcl a p\u00e1lya mellett tal\u00e1lhat\u00f3 sz\u00e1lloda szob\u00e1ib\u00f3l leny\u0171g\u00f6z\u0151 kil\u00e1t\u00e1s ny\u00edlik a p\u00e1ly\u00e1ra, \u00edgy a vend\u00e9gek k\u00f6zvetlen\u00fcl a sz\u00e1ll\u00e1suk k\u00e9nyelm\u00e9b\u0151l szemtan\u00fai lehetnek az izgalmas versenyeknek \u00e9s esem\u00e9nyeknek. Ez a k\u00f6zvetlen k\u00f6zels\u00e9g mag\u00e1val ragad\u00f3 \u00e9lm\u00e9nyt ny\u00fajt a motorsport rajong\u00f3i sz\u00e1m\u00e1ra, \u00edgy a Balaton Park Hotel ide\u00e1lis c\u00e9lpontja a kikapcsol\u00f3d\u00e1snak \u00e9s az adrenalint\u00f3l f\u0171t\u00f6tt kalandoknak egyar\u00e1nt. A sz\u00e1lloda \u00e9s a versenyp\u00e1lya k\u00f6z\u00f6tti szinergia olyan exkluz\u00edv mened\u00e9ket biztos\u00edt, ahol a magas okt\u00e1nsz\u00e1m\u00fa sz\u00f3rakoz\u00e1s \u00e9s a kifinomult vend\u00e9gl\u00e1t\u00e1s tal\u00e1lkozik.<\/p>\n\n\n        <span class=\"subtitle\"><\/span>\n\n<\/div><\/div><\/div><\/div><\/div><div class=\"vc_row-full-width vc_clearfix\"><\/div>\n<\/div>","protected":false},"excerpt":{"rendered":"BPH Welcome to Balaton Park Hotel Where the business world, the beauty of Balaton and the excitement of the race track meet! The Balaton Park Hotel is located in Balatonf\u0151kaj\u00e1r, right next to the M7 motorway, making it easily accessible for guests coming from both Budapest and the Lake Balaton area. The hotel is an [...]","protected":false},"author":1,"featured_media":4507,"parent":0,"menu_order":0,"comment_status":"closed","ping_status":"closed","template":"","meta":{"footnotes":""},"class_list":["post-1848","page","type-page","status-publish","has-post-thumbnail","hentry"],"aioseo_notices":[],"_links":{"self":[{"href":"https:\/\/balatonparkhotel.com\/hu\/wp-json\/wp\/v2\/pages\/1848","targetHints":{"allow":["GET"]}}],"collection":[{"href":"https:\/\/balatonparkhotel.com\/hu\/wp-json\/wp\/v2\/pages"}],"about":[{"href":"https:\/\/balatonparkhotel.com\/hu\/wp-json\/wp\/v2\/types\/page"}],"author":[{"embeddable":true,"href":"https:\/\/balatonparkhotel.com\/hu\/wp-json\/wp\/v2\/users\/1"}],"replies":[{"embeddable":true,"href":"https:\/\/balatonparkhotel.com\/hu\/wp-json\/wp\/v2\/comments?post=1848"}],"version-history":[{"count":73,"href":"https:\/\/balatonparkhotel.com\/hu\/wp-json\/wp\/v2\/pages\/1848\/revisions"}],"predecessor-version":[{"id":4367,"href":"https:\/\/balatonparkhotel.com\/hu\/wp-json\/wp\/v2\/pages\/1848\/revisions\/4367"}],"wp:featuredmedia":[{"embeddable":true,"href":"https:\/\/balatonparkhotel.com\/hu\/wp-json\/wp\/v2\/media\/4507"}],"wp:attachment":[{"href":"https:\/\/balatonparkhotel.com\/hu\/wp-json\/wp\/v2\/media?parent=1848"}],"curies":[{"name":"wp","href":"https:\/\/api.w.org\/{rel}","templated":true}]}}