{"id":1852,"date":"2023-08-28T13:27:39","date_gmt":"2023-08-28T11:27:39","guid":{"rendered":"https:\/\/annagrand.saxon.hu\/?page_id=1852"},"modified":"2025-04-28T09:45:34","modified_gmt":"2025-04-28T07:45:34","slug":"programok","status":"publish","type":"page","link":"https:\/\/balatonparkhotel.com\/hu\/programok\/","title":{"rendered":"Balaton"},"content":{"rendered":"<div class=\"wpb-content-wrapper\"><div class=\"vc_row wpb_row vc_row-fluid primary_section padding_bottom_1-3\"><div class=\"wpb_column vc_column_container vc_col-sm-12\"><div class=\"vc_column-inner\"><div class=\"wpb_wrapper\">\n\t<div class=\"wpb_text_column wpb_content_element\" >\n\t\t<div class=\"wpb_wrapper\">\n\t\t\t<div class=\"heading_group_sc wpb_content_element subtitle_bottom    text-center\">\n\n\n    <h2>Fedezze fel a Balaton id\u0151tlen sz\u00e9ps\u00e9g\u00e9t: A gy\u00f6ngyszem Magyarorsz\u00e1g sz\u00edv\u00e9ben<\/h2>\n\n\n        <span class=\"subtitle\"><\/span>\n\n<\/div><div class=\"heading_group_sc wpb_content_element subtitle_bottom    text-center\">\n\n\n    <p> \u00dcdv\u00f6z\u00f6lj\u00fck a Balaton Park Hotelben! Szeretettel megh\u00edvjuk \u00d6nt egy utaz\u00e1sra Eur\u00f3pa egyik legvar\u00e1zslatosabb term\u00e9szeti csod\u00e1j\u00e1hoz, a Balatonhoz. Ak\u00e1r \u00fczleti, ak\u00e1r szabadid\u0151s c\u00e9llal l\u00e1togat el hozz\u00e1nk, a Balaton t\u00f6bb, mint egy egyszer\u0171 v\u00edzt\u00f6meg; ez egy olyan hely, ahol a pihen\u00e9s, a kaland \u00e9s a kult\u00fara tal\u00e1lkozik, ami\nkihagyhatatlan \u00fatic\u00e9ll\u00e1 teszi a n\u00e1lunk t\u00f6lt\u00f6tt id\u0151 alatt.<\/p>\n\n\n        <span class=\"subtitle\"><\/span>\n\n<\/div>\n\n\t\t<\/div>\n\t<\/div>\n<\/div><\/div><\/div><\/div><div class=\"vc_row wpb_row vc_row-fluid primary_section padding_top_none padding_bottom_1-3\"><div class=\"wpb_column vc_column_container vc_col-sm-6\"><div class=\"vc_column-inner\"><div class=\"wpb_wrapper\">\n\t<div  class=\"wpb_single_image wpb_content_element vc_align_left\">\n\t\t\n\t\t<figure class=\"wpb_wrapper vc_figure\">\n\t\t\t<div class=\"vc_single_image-wrapper   vc_box_border_grey\"><img loading=\"lazy\" decoding=\"async\" width=\"832\" height=\"555\" src=\"https:\/\/balatonparkhotel.com\/wp-content\/uploads\/2024\/09\/balaton_borito.jpg\" class=\"vc_single_image-img attachment-full\" alt=\"\" title=\"balaton_bor\u00edt\u00f3\" srcset=\"https:\/\/balatonparkhotel.com\/wp-content\/uploads\/2024\/09\/balaton_borito.jpg 832w, https:\/\/balatonparkhotel.com\/wp-content\/uploads\/2024\/09\/balaton_borito-300x200.jpg 300w, https:\/\/balatonparkhotel.com\/wp-content\/uploads\/2024\/09\/balaton_borito-768x512.jpg 768w, https:\/\/balatonparkhotel.com\/wp-content\/uploads\/2024\/09\/balaton_borito-18x12.jpg 18w\" sizes=\"auto, (max-width: 832px) 100vw, 832px\" \/><\/div>\n\t\t<\/figure>\n\t<\/div>\n<\/div><\/div><\/div><div class=\"wpb_column vc_column_container vc_col-sm-6\"><div class=\"vc_column-inner\"><div class=\"wpb_wrapper\">\n\t<div class=\"wpb_text_column wpb_content_element\" >\n\t\t<div class=\"wpb_wrapper\">\n\t\t\t<p style=\"text-align: justify;\">A Balaton a term\u00e9szetj\u00e1r\u00f3k \u00e9denkertje. A melegebb h\u00f3napokban a t\u00f3 a v\u00edzi sportok szerelmeseinek\nparadicsom\u00e1v\u00e1 v\u00e1ltozik, ahol a vitorl\u00e1z\u00e1st\u00f3l \u00e9s a sz\u00f6rf\u00f6z\u00e9st\u0151l kezdve a paddleboardoz\u00e1son \u00e1t a kajakoz\u00e1sig\nminden megtal\u00e1lhat\u00f3. A d\u00e9li part sek\u00e9ly, meleg vize t\u00f6k\u00e9letes a kisgyermekes csal\u00e1dok sz\u00e1m\u00e1ra, m\u00edg a m\u00e9lyebb \u00e9szaki part a tapasztalt \u00fasz\u00f3k \u00e9s a v\u00edzi sportok szerelmeseinek kedvence. Azok sz\u00e1m\u00e1ra, akik ink\u00e1bb a sz\u00e1razf\u00f6ld\u00f6n maradnak, a t\u00f3 k\u00f6rny\u00e9ke fest\u0151i ker\u00e9kp\u00e1r- \u00e9s t\u00fara\u00fatvonalakkal b\u00fcszk\u00e9lkedhet. Tekerjen vagy s\u00e9t\u00e1ljon a dombokon \u00e9s sz\u0151l\u0151\u00fcltetv\u00e9nyeken kereszt\u00fcl, fedezze fel a fest\u0151i falvakat, vagy gy\u00f6ny\u00f6rk\u00f6dj\u00f6n a\ncsillog\u00f3 t\u00f3 panor\u00e1m\u00e1j\u00e1ban a sz\u00e1mos kil\u00e1t\u00f3pont egyik\u00e9r\u0151l.<\/p>\n\n\t\t<\/div>\n\t<\/div>\n<\/div><\/div><\/div><\/div><div class=\"vc_row wpb_row vc_row-fluid swap-on-mobile vc_row-o-content-middle vc_row-flex primary_section padding_top_none padding_bottom_none\"><div class=\"wpb_column vc_column_container vc_col-sm-6\"><div class=\"vc_column-inner\"><div class=\"wpb_wrapper\">\n\t<div class=\"wpb_text_column wpb_content_element\" >\n\t\t<div class=\"wpb_wrapper\">\n\t\t\t<p style=\"text-align: justify;\">A Balaton nem csak a term\u00e9szetr\u0151l sz\u00f3l, hanem egy kult\u00far\u00e1val \u00e9s t\u00f6rt\u00e9nelemmel \u00e1titatott r\u00e9gi\u00f3r\u00f3l is. A k\u00f6zeli v\u00e1rosok, mint Tihany \u00e9s Balatonf\u00fcred, bepillant\u00e1st engednek a l\u00e1togat\u00f3knak Magyarorsz\u00e1g gazdag m\u00faltj\u00e1ba. A\ndombtet\u0151n magasod\u00f3 Tihanyi Benc\u00e9s Ap\u00e1ts\u00e1g nemcsak spiritu\u00e1lis \u00e9lm\u00e9nyt ny\u00fajt, hanem l\u00e9legzetel\u00e1ll\u00edt\u00f3 kil\u00e1t\u00e1st is az alattunk elter\u00fcl\u0151 t\u00f3ra. Balatonf\u00fcred, Magyarorsz\u00e1g legr\u00e9gebbi f\u00fcrd\u0151v\u00e1rosa f\u00e1kkal szeg\u00e9lyezett s\u00e9t\u00e1nyain s\u00e9t\u00e1l\u00e1sra invit\u00e1l, ahol a t\u00f6rt\u00e9nelem \u00e9s a modern elegancia tal\u00e1lkozik.<\/p>\n\n\t\t<\/div>\n\t<\/div>\n<\/div><\/div><\/div><div class=\"wpb_column vc_column_container vc_col-sm-6\"><div class=\"vc_column-inner\"><div class=\"wpb_wrapper\">\n\t<div  class=\"wpb_single_image wpb_content_element vc_align_left\">\n\t\t\n\t\t<figure class=\"wpb_wrapper vc_figure\">\n\t\t\t<div class=\"vc_single_image-wrapper   vc_box_border_grey\"><img loading=\"lazy\" decoding=\"async\" width=\"1500\" height=\"1001\" src=\"https:\/\/balatonparkhotel.com\/wp-content\/uploads\/2024\/09\/the-turquoise-sea-of-hungary-lake-balaton-private-tour-1641192.webp\" class=\"vc_single_image-img attachment-full\" alt=\"\" title=\"magyarorsz\u00e1g-t\u00fcrkiztenger-balaton-mag\u00e1nt\u00fara-1641192\" srcset=\"https:\/\/balatonparkhotel.com\/wp-content\/uploads\/2024\/09\/the-turquoise-sea-of-hungary-lake-balaton-private-tour-1641192.webp 1500w, https:\/\/balatonparkhotel.com\/wp-content\/uploads\/2024\/09\/the-turquoise-sea-of-hungary-lake-balaton-private-tour-1641192-300x200.webp 300w, https:\/\/balatonparkhotel.com\/wp-content\/uploads\/2024\/09\/the-turquoise-sea-of-hungary-lake-balaton-private-tour-1641192-1024x683.webp 1024w, https:\/\/balatonparkhotel.com\/wp-content\/uploads\/2024\/09\/the-turquoise-sea-of-hungary-lake-balaton-private-tour-1641192-768x513.webp 768w, https:\/\/balatonparkhotel.com\/wp-content\/uploads\/2024\/09\/the-turquoise-sea-of-hungary-lake-balaton-private-tour-1641192-18x12.webp 18w\" sizes=\"auto, (max-width: 1500px) 100vw, 1500px\" \/><\/div>\n\t\t<\/figure>\n\t<\/div>\n<\/div><\/div><\/div><\/div><div class=\"vc_row wpb_row vc_row-fluid primary_section\"><div class=\"wpb_column vc_column_container vc_col-sm-12\"><div class=\"vc_column-inner\"><div class=\"wpb_wrapper\">\n\t<div class=\"wpb_text_column wpb_content_element  vc_custom_1726232157682\" >\n\t\t<div class=\"wpb_wrapper\">\n\t\t\t<h1 style=\"text-align: center;\">\u201eA MAGYAR TENGER\u201d \u00dcDV\u00d6ZLI \u00d6NT<\/h1>\n\n\t\t<\/div>\n\t<\/div>\n\n\t<div class=\"wpb_video_widget wpb_content_element vc_clearfix   vc_video-aspect-ratio-169 vc_video-el-width-100 vc_video-align-left\" >\n\t\t<div class=\"wpb_wrapper\">\n\t\t\t\n\t\t\t<div class=\"wpb_video_wrapper\"><iframe loading=\"lazy\" width=\"500\" height=\"281\" src=\"https:\/\/www.youtube.com\/embed\/dgMlD1R02XE?feature=oembed\"><\/iframe><\/div>\n\t\t<\/div>\n\t<\/div>\n<\/div><\/div><\/div><\/div><section class=\"vc_section\"><\/section>\n<\/div>","protected":false},"excerpt":{"rendered":"Discover the Timeless Beauty of Lake Balaton: A Gem in the Heart of Hungary Welcome to the Balaton Park Hotel! We invite you to take a journey with us to one of Europe\u2019s most enchanting natural wonders\u2014Lake Balaton. Whether you\u2019re visiting for business or leisure, Lake Balaton is more than just a body of water; [...]","protected":false},"author":1,"featured_media":3116,"parent":0,"menu_order":0,"comment_status":"closed","ping_status":"closed","template":"","meta":{"footnotes":""},"class_list":["post-1852","page","type-page","status-publish","has-post-thumbnail","hentry"],"aioseo_notices":[],"_links":{"self":[{"href":"https:\/\/balatonparkhotel.com\/hu\/wp-json\/wp\/v2\/pages\/1852","targetHints":{"allow":["GET"]}}],"collection":[{"href":"https:\/\/balatonparkhotel.com\/hu\/wp-json\/wp\/v2\/pages"}],"about":[{"href":"https:\/\/balatonparkhotel.com\/hu\/wp-json\/wp\/v2\/types\/page"}],"author":[{"embeddable":true,"href":"https:\/\/balatonparkhotel.com\/hu\/wp-json\/wp\/v2\/users\/1"}],"replies":[{"embeddable":true,"href":"https:\/\/balatonparkhotel.com\/hu\/wp-json\/wp\/v2\/comments?post=1852"}],"version-history":[{"count":30,"href":"https:\/\/balatonparkhotel.com\/hu\/wp-json\/wp\/v2\/pages\/1852\/revisions"}],"predecessor-version":[{"id":4128,"href":"https:\/\/balatonparkhotel.com\/hu\/wp-json\/wp\/v2\/pages\/1852\/revisions\/4128"}],"wp:featuredmedia":[{"embeddable":true,"href":"https:\/\/balatonparkhotel.com\/hu\/wp-json\/wp\/v2\/media\/3116"}],"wp:attachment":[{"href":"https:\/\/balatonparkhotel.com\/hu\/wp-json\/wp\/v2\/media?parent=1852"}],"curies":[{"name":"wp","href":"https:\/\/api.w.org\/{rel}","templated":true}]}}