{"id":2631,"date":"2023-11-11T12:48:05","date_gmt":"2023-11-11T11:48:05","guid":{"rendered":"https:\/\/annagrand.saxon.hu\/?page_id=2631"},"modified":"2026-04-16T12:10:07","modified_gmt":"2026-04-16T10:10:07","slug":"ajanlatok","status":"publish","type":"page","link":"https:\/\/balatonparkhotel.com\/hu\/offers\/","title":{"rendered":"K\u00fcl\u00f6nleges aj\u00e1nlatok"},"content":{"rendered":"<div class=\"wpb-content-wrapper\"><section class=\"vc_section\"><div class=\"vc_row wpb_row vc_row-fluid vc_custom_1741181455644 vc_row-has-fill primary_section\"><div class=\"wpb_column vc_column_container vc_col-sm-12\"><div class=\"vc_column-inner\"><div class=\"wpb_wrapper\"><div class=\"heading_group_sc wpb_content_element subtitle_bottom    text-center\">\n\n\n    <h2>Csomagaj\u00e1nlatok<\/h2>\n\n\n        <span class=\"subtitle\"><\/span>\n\n<\/div><\/div><\/div><\/div><\/div><\/section><section data-vc-full-width=\"true\" data-vc-full-width-init=\"false\" class=\"vc_section\"><div class=\"vc_row wpb_row vc_row-fluid shadow vc_custom_1776334202291 secondary_section\"><div class=\"wpb_column vc_column_container vc_col-sm-6\"><div class=\"vc_column-inner vc_custom_1699699574404\"><div class=\"wpb_wrapper\">\n\t<div  class=\"wpb_single_image wpb_content_element vc_align_right  vc_custom_1776334094984\">\n\t\t\n\t\t<figure class=\"wpb_wrapper vc_figure\">\n\t\t\t<div class=\"vc_single_image-wrapper   vc_box_border_grey\"><img loading=\"lazy\" decoding=\"async\" width=\"720\" height=\"900\" src=\"https:\/\/balatonparkhotel.com\/wp-content\/uploads\/2026\/04\/wsbk-WEB.png\" class=\"vc_single_image-img attachment-full\" alt=\"\" title=\"wsbk WEB\" srcset=\"https:\/\/balatonparkhotel.com\/wp-content\/uploads\/2026\/04\/wsbk-WEB.png 720w, https:\/\/balatonparkhotel.com\/wp-content\/uploads\/2026\/04\/wsbk-WEB-240x300.png 240w, https:\/\/balatonparkhotel.com\/wp-content\/uploads\/2026\/04\/wsbk-WEB-10x12.png 10w\" sizes=\"auto, (max-width: 720px) 100vw, 720px\" \/><\/div>\n\t\t<\/figure>\n\t<\/div>\n<\/div><\/div><\/div><div class=\"wpb_column vc_column_container vc_col-sm-6\"><div class=\"vc_column-inner vc_custom_1776333640398\"><div class=\"wpb_wrapper\"><div class=\"heading_group_sc wpb_content_element subtitle_bottom   vc_custom_1776333857153  text-left\">\n\n\n    <h2>WorldSBK H\u00e9tv\u00e9ge<\/h2>\n\n\n        <span class=\"subtitle\">01-03 \u00c1PRILIS<\/span>\n\n<\/div><div class=\"heading_group_sc wpb_content_element subtitle_bottom    text-left\">\n\n\n    <p style=\"text-align: justify;\">\u00c9ld \u00e1t a Superbike Vil\u00e1gbajnoks\u00e1g Magyarorsz\u00e1g izgalm\u00e1t soha nem l\u00e1tott m\u00f3don a Balaton Park Hotelben.<\/p>\n<p style=\"text-align: justify;\">Foglald le sz\u00e1ll\u00e1sodat a versenyh\u00e9tv\u00e9g\u00e9re, \u00e9s \u00e9lvezd a p\u00e1ratlan kil\u00e1t\u00e1st exkluz\u00edv P\u00e1lya-szint\u0171 szob\u00e1ink egyik\u00e9b\u0151l, vagy csod\u00e1ld meg az esem\u00e9nyeket eleg\u00e1ns teraszainkr\u00f3l, amelyek a versenyp\u00e1ly\u00e1ra n\u00e9znek.<\/p>\n\n\n        <span class=\"subtitle\"><\/span>\n\n<\/div><div class=\"plethora_button wpb_content_element  vc_custom_1776333791174  text-left\">\n    <a href=\"https:\/\/book.balatonparkhotel.com\/foglalas\/kereses?fromDate=2025-05-01&#038;toDate=2025-05-03\" class=\"btn btn-light\" title=\"\"  target=\"_self\">\n\n        \n        FOGLALJ MOST\n        \n\n    <\/a>\n<\/div><\/div><\/div><\/div><\/div><\/section><div class=\"vc_row-full-width vc_clearfix\"><\/div>\n<\/div>","protected":false},"excerpt":{"rendered":"Package Offers WorldSBK Weekend 01-03 APRIL Experience the thrill of the Superbike World Championship Hungary like never before at Balaton Park Hotel. Book your stay for the race weekend and enjoy unparalleled views from one of our exclusive Track View rooms, or take in the action from our stylish terraces overlooking the circuit. BOOK NOW","protected":false},"author":1,"featured_media":3748,"parent":0,"menu_order":0,"comment_status":"closed","ping_status":"closed","template":"","meta":{"footnotes":""},"class_list":["post-2631","page","type-page","status-publish","has-post-thumbnail","hentry"],"aioseo_notices":[],"_links":{"self":[{"href":"https:\/\/balatonparkhotel.com\/hu\/wp-json\/wp\/v2\/pages\/2631","targetHints":{"allow":["GET"]}}],"collection":[{"href":"https:\/\/balatonparkhotel.com\/hu\/wp-json\/wp\/v2\/pages"}],"about":[{"href":"https:\/\/balatonparkhotel.com\/hu\/wp-json\/wp\/v2\/types\/page"}],"author":[{"embeddable":true,"href":"https:\/\/balatonparkhotel.com\/hu\/wp-json\/wp\/v2\/users\/1"}],"replies":[{"embeddable":true,"href":"https:\/\/balatonparkhotel.com\/hu\/wp-json\/wp\/v2\/comments?post=2631"}],"version-history":[{"count":56,"href":"https:\/\/balatonparkhotel.com\/hu\/wp-json\/wp\/v2\/pages\/2631\/revisions"}],"predecessor-version":[{"id":4513,"href":"https:\/\/balatonparkhotel.com\/hu\/wp-json\/wp\/v2\/pages\/2631\/revisions\/4513"}],"wp:featuredmedia":[{"embeddable":true,"href":"https:\/\/balatonparkhotel.com\/hu\/wp-json\/wp\/v2\/media\/3748"}],"wp:attachment":[{"href":"https:\/\/balatonparkhotel.com\/hu\/wp-json\/wp\/v2\/media?parent=2631"}],"curies":[{"name":"wp","href":"https:\/\/api.w.org\/{rel}","templated":true}]}}