{"id":40,"date":"2016-11-24T18:09:14","date_gmt":"2016-11-24T17:09:14","guid":{"rendered":"http:\/\/plethorathemes.com\/hotel-xenia\/?page_id=40"},"modified":"2026-03-17T12:30:58","modified_gmt":"2026-03-17T11:30:58","slug":"balaton","status":"publish","type":"page","link":"https:\/\/balatonparkhotel.com\/hu\/balaton\/","title":{"rendered":"Helysz\u00edn"},"content":{"rendered":"<div class=\"wpb-content-wrapper\"><section class=\"vc_section\"><div class=\"vc_row wpb_row vc_row-fluid primary_section\"><div class=\"wpb_column vc_column_container vc_col-sm-12\"><div class=\"vc_column-inner\"><div class=\"wpb_wrapper\"><div class=\"heading_group_sc wpb_content_element subtitle_bottom    text-center\">\n        <div class=\"background_title\">FELFEDEZ\u00c9S<\/div>\n\n\n    <h1 style=\"text-align: center;\">FEDEZZE FEL A K\u00d6RNY\u00c9KET<\/h1>\n\n\n        <span class=\"subtitle\"><\/span>\n\n<\/div><div class=\"heading_group_sc wpb_content_element subtitle_bottom    text-center\">\n\n\n    <p style=\"text-align: center;\">Balatonf\u0151kaj\u00e1r egy b\u00e1jos falu a Balaton k\u00f6zel\u00e9ben, Magyarorsz\u00e1gon, amely b\u00e9k\u00e9s vid\u00e9ki hangulat\u00e1r\u00f3l \u00e9s a t\u00f3 fest\u0151i \u00e9szaki partj\u00e1nak k\u00f6zvetlen k\u00f6zels\u00e9g\u00e9r\u0151l ismert. A sz\u0151l\u0151\u00fcltetv\u00e9nyekkel \u00e9s dombokkal k\u00f6r\u00fclvett telep\u00fcl\u00e9s nyugodt menek\u00fcl\u00e9st k\u00edn\u00e1l a r\u00e9gi\u00f3 term\u00e9szeti sz\u00e9ps\u00e9geit felfedezni v\u00e1gy\u00f3 l\u00e1togat\u00f3knak, mik\u00f6zben a n\u00e9pszer\u0171 turisztikai c\u00e9lpontokt\u00f3l csak r\u00f6vid t\u00e1vols\u00e1gra van.<\/p>\n\n\n        <span class=\"subtitle\"><\/span>\n\n<\/div><div class=\"plethora_button wpb_content_element   text-left\">\n    <a href=\"https:\/\/balatonparkhotel.com\/hu\/versenypalya\/\" class=\"btn btn-inv btn-secondary\" title=\"Balaton Park Circuit\"  target=\"_self\">\n\n        \n        BALATON PARK VERSENYP\u00c1LYA\n        \n\n    <\/a>\n<\/div>\n\t<div  class=\"wpb_single_image wpb_content_element vc_align_left\">\n\t\t\n\t\t<figure class=\"wpb_wrapper vc_figure\">\n\t\t\t<div class=\"vc_single_image-wrapper   vc_box_border_grey\"><img loading=\"lazy\" decoding=\"async\" width=\"1024\" height=\"683\" src=\"https:\/\/balatonparkhotel.com\/wp-content\/uploads\/2026\/03\/139A6156.jpg\" class=\"vc_single_image-img attachment-full\" alt=\"\" title=\"139A6156\" srcset=\"https:\/\/balatonparkhotel.com\/wp-content\/uploads\/2026\/03\/139A6156.jpg 1024w, https:\/\/balatonparkhotel.com\/wp-content\/uploads\/2026\/03\/139A6156-300x200.jpg 300w, https:\/\/balatonparkhotel.com\/wp-content\/uploads\/2026\/03\/139A6156-768x512.jpg 768w, https:\/\/balatonparkhotel.com\/wp-content\/uploads\/2026\/03\/139A6156-18x12.jpg 18w\" sizes=\"auto, (max-width: 1024px) 100vw, 1024px\" \/><\/div>\n\t\t<\/figure>\n\t<\/div>\n<div class=\"plethora_button wpb_content_element   text-left\">\n    <a href=\"https:\/\/maps.app.goo.gl\/3X5p9auxHSpZejau7\" class=\"btn btn-inv btn-secondary\" title=\"\"  target=\"_blank\">\n\n        \n        \u00daTVONALTERVEZ\u00c9S\n        \n\n    <\/a>\n<\/div><div class=\"wpb_gmaps_widget wpb_content_element\"><div class=\"wpb_wrapper\"><div class=\"wpb_map_wraper\"><iframe src=\"https:\/\/www.google.com\/maps\/embed?pb=!1m18!1m12!1m3!1d2720.67252285067!2d18.197564900000003!3d47.0074027!2m3!1f0!2f0!3f0!3m2!1i1024!2i768!4f13.1!3m3!1m2!1s0x4769ebf16534b4d5%3A0x73ab12a092df5165!2sBalaton%20Park%20Circuit!5e0!3m2!1sen!2shu!4v1726158686375!5m2!1sen!2shu\" width=\"600\" height=\"450\" style=\"border:0;\" allowfullscreen=\"\" loading=\"lazy\" referrerpolicy=\"no-referrer-when-downgrade\"><\/iframe><\/div><\/div><\/div><\/div><\/div><\/div><\/div><\/section>\n<\/div>","protected":false},"excerpt":{"rendered":"DISCOVERY DISCOVER THE NEIGHBOURHOOD Balatonf\u0151kaj\u00e1r is a charming village located near Lake Balaton in Hungary, known for its peaceful countryside atmosphere and close proximity to the scenic northern shores of the lake. Surrounded by vineyards and rolling hills, it offers a tranquil escape for visitors looking to explore the natural beauty of the region while [...]","protected":false},"author":1,"featured_media":3343,"parent":0,"menu_order":0,"comment_status":"closed","ping_status":"closed","template":"","meta":{"footnotes":""},"class_list":["post-40","page","type-page","status-publish","has-post-thumbnail","hentry"],"aioseo_notices":[],"_links":{"self":[{"href":"https:\/\/balatonparkhotel.com\/hu\/wp-json\/wp\/v2\/pages\/40","targetHints":{"allow":["GET"]}}],"collection":[{"href":"https:\/\/balatonparkhotel.com\/hu\/wp-json\/wp\/v2\/pages"}],"about":[{"href":"https:\/\/balatonparkhotel.com\/hu\/wp-json\/wp\/v2\/types\/page"}],"author":[{"embeddable":true,"href":"https:\/\/balatonparkhotel.com\/hu\/wp-json\/wp\/v2\/users\/1"}],"replies":[{"embeddable":true,"href":"https:\/\/balatonparkhotel.com\/hu\/wp-json\/wp\/v2\/comments?post=40"}],"version-history":[{"count":79,"href":"https:\/\/balatonparkhotel.com\/hu\/wp-json\/wp\/v2\/pages\/40\/revisions"}],"predecessor-version":[{"id":4387,"href":"https:\/\/balatonparkhotel.com\/hu\/wp-json\/wp\/v2\/pages\/40\/revisions\/4387"}],"wp:featuredmedia":[{"embeddable":true,"href":"https:\/\/balatonparkhotel.com\/hu\/wp-json\/wp\/v2\/media\/3343"}],"wp:attachment":[{"href":"https:\/\/balatonparkhotel.com\/hu\/wp-json\/wp\/v2\/media?parent=40"}],"curies":[{"name":"wp","href":"https:\/\/api.w.org\/{rel}","templated":true}]}}