{"id":42,"date":"2016-11-24T18:09:31","date_gmt":"2016-11-24T18:09:31","guid":{"rendered":"http:\/\/plethorathemes.com\/hotel-xenia\/?page_id=42"},"modified":"2026-03-17T12:36:10","modified_gmt":"2026-03-17T11:36:10","slug":"versenypalya","status":"publish","type":"page","link":"https:\/\/balatonparkhotel.com\/hu\/race-track\/","title":{"rendered":"Balaton Park Circuit"},"content":{"rendered":"<div class=\"wpb-content-wrapper\"><div class=\"vc_row wpb_row vc_row-fluid primary_section padding_top_1-2 padding_bottom_none\"><div class=\"wpb_column vc_column_container vc_col-sm-12\"><div class=\"vc_column-inner\"><div class=\"wpb_wrapper\">\n\t<div class=\"wpb_text_column wpb_content_element\" >\n\t\t<div class=\"wpb_wrapper\">\n\t\t\t<div class=\"heading_group_sc wpb_content_element subtitle_bottom    text-center\">\n        <div class=\"background_title\">SPORT<\/div>\n\n\n    <h2>NEMZETK\u00d6ZI VERSENYP\u00c1LYA<span style=\"font-size: 16px;\"><\/p>\n\n\n        <span class=\"subtitle\">a sebess\u00e9g \u00e9s a sportaut\u00f3k rajong\u00f3inak<\/span>\n\n<\/div><div class=\"heading_group_sc wpb_content_element subtitle_bottom    text-center\">\n\n\n    <p><\/span><\/h2>\n<hr class=\"horizontal-separator\" \/>\n\n\n        <span class=\"subtitle\"><\/span>\n\n<\/div>\n\n\t\t<\/div>\n\t<\/div>\n<\/div><\/div><\/div><\/div><div class=\"vc_row wpb_row vc_row-fluid swap-on-tablet vc_custom_1747416769589 vc_row-has-fill primary_section padding_top_1-4\"><div class=\"make_it_wide wpb_column vc_column_container vc_col-sm-6\"><div class=\"vc_column-inner\"><div class=\"wpb_wrapper\">\n\t<div class=\"wpb_text_column wpb_content_element  vc_custom_1738754457072\" >\n\t\t<div class=\"wpb_wrapper\">\n\t\t\t<p style=\"text-align: justify; font-weight: 400;\">A Balaton Park Circuit egyed\u00fcl\u00e1ll\u00f3 versenyp\u00e1lya Magyarorsz\u00e1gon, amely a legmagasabb szint\u0171 el\u0151\u00edr\u00e1soknak megfelel\u0151en \u00e9p\u00fclt. A Balaton k\u00f6zel\u00e9ben tal\u00e1lhat\u00f3 p\u00e1lya kih\u00edv\u00e1st jelent\u0151 kanyarokkal, hossz\u00fa egyenesekkel t\u00f6k\u00e9letes a technikai sportok rajong\u00f3i sz\u00e1m\u00e1ra. A modern l\u00e9tes\u00edtm\u00e9nyek \u00e9s a versenyek v\u00e9rpezsd\u00edt\u0151 hangulata garant\u00e1lja a felejthetetlen \u00e9lm\u00e9nyt a profi versenyz\u0151k \u00e9s a szenved\u00e9lyes amat\u0151r\u00f6k sz\u00e1m\u00e1ra is. Itt a technikai sportok ir\u00e1nti rajong\u00e1s \u00e9s a term\u00e9szet sz\u00e9ps\u00e9ge t\u00f6k\u00e9letes harm\u00f3ni\u00e1t alkot.<\/p>\n\n\t\t<\/div>\n\t<\/div>\n<div class=\"vc_row wpb_row vc_inner vc_row-fluid vc_custom_1741180619943 vc_row-has-fill primary_section\"><div class=\"wpb_column vc_column_container vc_col-sm-12\"><div class=\"vc_column-inner\"><div class=\"wpb_wrapper\">\n\t<div class=\"wpb_text_column wpb_content_element  vc_custom_1747416735496\" >\n\t\t<div class=\"wpb_wrapper\">\n\t\t\t<h5 style=\"text-align: left;\">FEDEZZE FEL A TECHNIKAI SPORTOK VIL\u00c1G\u00c1T A BALATON PARK CIRCUITEN!<\/h5>\n\n\t\t<\/div>\n\t<\/div>\n<\/div><\/div><\/div><\/div><\/div><\/div><\/div><div class=\"make_it_wide wpb_column vc_column_container vc_col-sm-6\"><div class=\"vc_column-inner\"><div class=\"wpb_wrapper\">\n\t<div  class=\"wpb_single_image wpb_content_element vc_align_center\">\n\t\t\n\t\t<figure class=\"wpb_wrapper vc_figure\">\n\t\t\t<div class=\"vc_single_image-wrapper   vc_box_border_grey\"><img loading=\"lazy\" decoding=\"async\" width=\"850\" height=\"516\" src=\"https:\/\/balatonparkhotel.com\/wp-content\/uploads\/2025\/04\/240603_ferrari_challenge_szzs_n.jpg\" class=\"vc_single_image-img attachment-full\" alt=\"\" title=\"240603_ferrari_challenge_szzs_n\" srcset=\"https:\/\/balatonparkhotel.com\/wp-content\/uploads\/2025\/04\/240603_ferrari_challenge_szzs_n.jpg 850w, https:\/\/balatonparkhotel.com\/wp-content\/uploads\/2025\/04\/240603_ferrari_challenge_szzs_n-300x182.jpg 300w, https:\/\/balatonparkhotel.com\/wp-content\/uploads\/2025\/04\/240603_ferrari_challenge_szzs_n-768x466.jpg 768w, https:\/\/balatonparkhotel.com\/wp-content\/uploads\/2025\/04\/240603_ferrari_challenge_szzs_n-18x12.jpg 18w\" sizes=\"auto, (max-width: 850px) 100vw, 850px\" \/><\/div>\n\t\t<\/figure>\n\t<\/div>\n<\/div><\/div><\/div><\/div><div data-vc-full-width=\"true\" data-vc-full-width-init=\"false\" class=\"vc_row wpb_row vc_row-fluid vc_custom_1726144993777 vc_row-has-fill black_section transparent transparent_film padding_top_2-3 padding_bottom_1-2\"><div class=\"wpb_column vc_column_container vc_col-sm-8 vc_col-sm-offset-2\"><div class=\"vc_column-inner\"><div class=\"wpb_wrapper\">\n\t<div class=\"wpb_text_column wpb_content_element\" >\n\t\t<div class=\"wpb_wrapper\">\n\t\t\t<h3 style=\"text-align: center;\">FELEJTHETETLEN \u00c9LM\u00c9NYEK<\/h3>\n\n\t\t<\/div>\n\t<\/div>\n<\/div><\/div><\/div><\/div><div class=\"vc_row-full-width vc_clearfix\"><\/div><div data-vc-full-width=\"true\" data-vc-full-width-init=\"false\" data-vc-stretch-content=\"true\" class=\"vc_row wpb_row vc_row-fluid vc_custom_1726266615760 vc_row-has-fill vc_row-no-padding vc_row-o-content-middle vc_row-flex padding_top_none padding_bottom_none\"><div class=\"col-sm-push-6 wpb_column vc_column_container vc_col-sm-6 vc_col-lg-8 vc_col-md-7 vc_col-has-fill\"><div class=\"vc_column-inner vc_custom_1726264945896\"><div class=\"wpb_wrapper\"><div class=\"vc_empty_space\"   style=\"height: 300px\"><span class=\"vc_empty_space_inner\"><\/span><\/div><div class=\"vc_empty_space\"   style=\"height: 300px\"><span class=\"vc_empty_space_inner\"><\/span><\/div><\/div><\/div><\/div><div class=\"col-sm-pull-6 col-md-pull-6 col-lg-pull-7 wpb_column vc_column_container vc_col-sm-6 vc_col-lg-4 vc_col-md-5 vc_col-has-fill\"><div class=\"vc_column-inner vc_custom_1726266623197 black_section  transparent_film text-right boxed_plus\"><div class=\"wpb_wrapper\">\n\t<div class=\"wpb_text_column wpb_content_element\" >\n\t\t<div class=\"wpb_wrapper\">\n\t\t\t<p style=\"text-align: justify;\">A Balaton Park Circuit versenyp\u00e1lya a legmagasabb fok\u00fa biztons\u00e1gi el\u0151\u00edr\u00e1sok szerint \u00e9p\u00fclt meg. A biztons\u00e1gr\u00f3l\n\u201eTecpro\u201d korl\u00e1tok gondoskodnak, a versenyir\u00e1ny\u00edt\u00e1st a \u201eMyLaps\u201d leg\u00fajabb technol\u00f3gi\u00e1i seg\u00edtik, bele\u00e9rtve a GPS-t, a LED paneleket \u00e9s az id\u0151m\u00e9r\u0151 rendszereket. FIA Grade 1 szabv\u00e1nyokat alkalmaznak (kezdetben Grade 2\nenged\u00e9lyt k\u00e9rnek), mivel a p\u00e1lya region\u00e1lis \u00e9s nemzetk\u00f6zi versenyeknek egyar\u00e1nt otthont ad.<\/p>\n\n\t\t<\/div>\n\t<\/div>\n<\/div><\/div><\/div><\/div><div class=\"vc_row-full-width vc_clearfix\"><\/div><div data-vc-full-width=\"true\" data-vc-full-width-init=\"false\" data-vc-stretch-content=\"true\" class=\"vc_row wpb_row vc_row-fluid vc_custom_1726266637536 vc_row-has-fill vc_row-o-content-middle vc_row-flex padding_top_none\"><div class=\"wpb_column vc_column_container vc_col-sm-8\"><div class=\"vc_column-inner\"><div class=\"wpb_wrapper\"><div class=\"vc_empty_space\"   style=\"height: 300px\"><span class=\"vc_empty_space_inner\"><\/span><\/div><div class=\"vc_empty_space\"   style=\"height: 300px\"><span class=\"vc_empty_space_inner\"><\/span><\/div><\/div><\/div><\/div><div class=\"wpb_column vc_column_container vc_col-sm-6 vc_col-lg-4 vc_col-md-5\"><div class=\"vc_column-inner  black_section  transparent_film text-left boxed_plus\"><div class=\"wpb_wrapper\">\n\t<div class=\"wpb_text_column wpb_content_element\" >\n\t\t<div class=\"wpb_wrapper\">\n\t\t\t<p style=\"text-align: justify;\">A l\u00e9tes\u00edtm\u00e9ny 48 boxgar\u00e1zst, t\u00e1gas VIP-helyis\u00e9geket \u00e9s t\u00e1rsalg\u00f3kat, bele\u00e9rtve a kiv\u00e1l\u00f3 \u00e9tkez\u00e9si szolg\u00e1ltat\u00e1sokat, egy nagy m\u00e9diak\u00f6zpontot, egy orvosi k\u00f6zpontot \u00e9s k\u00e9t tov\u00e1bbi t\u00e1mogat\u00f3i paddock ter\u00fcletet foglal mag\u00e1ban. \u00c9p\u00fcl a 145 szob\u00e1s, 4 csillagos sz\u00e1lloda, amely k\u00f6zvetlen kil\u00e1t\u00e1ssal rendelkezik a p\u00e1ly\u00e1ra.<\/p>\n\n\t\t<\/div>\n\t<\/div>\n<\/div><\/div><\/div><\/div><div class=\"vc_row-full-width vc_clearfix\"><\/div><div data-vc-full-width=\"true\" data-vc-full-width-init=\"false\" data-vc-stretch-content=\"true\" class=\"vc_row wpb_row vc_row-fluid vc_custom_1726266546971 vc_row-has-fill vc_row-no-padding vc_row-o-content-middle vc_row-flex padding_top_none padding_bottom_none\"><div class=\"col-sm-push-6 wpb_column vc_column_container vc_col-sm-6 vc_col-lg-8 vc_col-md-7 vc_col-has-fill\"><div class=\"vc_column-inner vc_custom_1726264945896\"><div class=\"wpb_wrapper\"><div class=\"vc_empty_space\"   style=\"height: 300px\"><span class=\"vc_empty_space_inner\"><\/span><\/div><div class=\"vc_empty_space\"   style=\"height: 300px\"><span class=\"vc_empty_space_inner\"><\/span><\/div><\/div><\/div><\/div><div class=\"col-sm-pull-6 col-md-pull-6 col-lg-pull-7 wpb_column vc_column_container vc_col-sm-6 vc_col-lg-4 vc_col-md-5 vc_col-has-fill\"><div class=\"vc_column-inner vc_custom_1726265459356 black_section  transparent_film text-right boxed_plus\"><div class=\"wpb_wrapper\">\n\t<div class=\"wpb_text_column wpb_content_element\" >\n\t\t<div class=\"wpb_wrapper\">\n\t\t\t<p style=\"text-align: justify;\">A p\u00e1lya, a paddock ter\u00fcletek \u00e9s a t\u00e1rsalg\u00f3k b\u00e9relhet\u0151ek. Sz\u00e1mos kieg\u00e9sz\u00edt\u0151 szolg\u00e1ltat\u00e1st k\u00edn\u00e1lnak, bele\u00e9rtve a cateringet, a filmez\u00e9st, a helikoptereket \u00e9s egyebeket.<\/p>\n\n\t\t<\/div>\n\t<\/div>\n<\/div><\/div><\/div><\/div><div class=\"vc_row-full-width vc_clearfix\"><\/div><div data-vc-full-width=\"true\" data-vc-full-width-init=\"false\" class=\"vc_row wpb_row vc_row-fluid vc_custom_1726249742418 vc_row-has-fill\"><div class=\"wpb_column vc_column_container vc_col-sm-6\"><div class=\"vc_column-inner\"><div class=\"wpb_wrapper\">\n\t<div  class=\"wpb_single_image wpb_content_element vc_align_right\">\n\t\t\n\t\t<figure class=\"wpb_wrapper vc_figure\">\n\t\t\t<div class=\"vc_single_image-wrapper   vc_box_border_grey\"><img loading=\"lazy\" decoding=\"async\" width=\"1242\" height=\"908\" src=\"https:\/\/balatonparkhotel.com\/wp-content\/uploads\/2025\/02\/BPC-x-BPH-track-1.webp\" class=\"vc_single_image-img attachment-full\" alt=\"\" title=\"BPC x BPH p\u00e1lya (1)\" srcset=\"https:\/\/balatonparkhotel.com\/wp-content\/uploads\/2025\/02\/BPC-x-BPH-track-1.webp 1242w, https:\/\/balatonparkhotel.com\/wp-content\/uploads\/2025\/02\/BPC-x-BPH-track-1-300x219.webp 300w, https:\/\/balatonparkhotel.com\/wp-content\/uploads\/2025\/02\/BPC-x-BPH-track-1-1024x749.webp 1024w, https:\/\/balatonparkhotel.com\/wp-content\/uploads\/2025\/02\/BPC-x-BPH-track-1-768x561.webp 768w, https:\/\/balatonparkhotel.com\/wp-content\/uploads\/2025\/02\/BPC-x-BPH-track-1-16x12.webp 16w\" sizes=\"auto, (max-width: 1242px) 100vw, 1242px\" \/><\/div>\n\t\t<\/figure>\n\t<\/div>\n<\/div><\/div><\/div><div class=\"wpb_column vc_column_container vc_col-sm-6\"><div class=\"vc_column-inner vc_custom_1726249920914\"><div class=\"wpb_wrapper\"><div class=\"heading_group_sc wpb_content_element subtitle_bottom    text-left\">\n\n\n    <h2>A KAPCSOLAT<\/h2>\n\n\n        <span class=\"subtitle\"><\/span>\n\n<\/div><div class=\"heading_group_sc wpb_content_element subtitle_bottom    text-left\">\n\n\n    <p style=\"text-align: justify;\">A Balaton Park Hotel egyed\u00fcl\u00e1ll\u00f3 m\u00f3don kapcsol\u00f3dik a Balaton Park Circuit p\u00e1ly\u00e1hoz, a luxus \u00e9s a motorsport izgalmainak z\u00f6kken\u0151mentes \u00f6tv\u00f6zet\u00e9t k\u00edn\u00e1lva. A k\u00f6zvetlen\u00fcl a p\u00e1lya mellett tal\u00e1lhat\u00f3 sz\u00e1lloda szob\u00e1ib\u00f3l leny\u0171g\u00f6z\u0151 kil\u00e1t\u00e1s ny\u00edlik a p\u00e1ly\u00e1ra, \u00edgy a vend\u00e9gek k\u00f6zvetlen\u00fcl a sz\u00e1ll\u00e1suk k\u00e9nyelm\u00e9b\u0151l szemtan\u00fai lehetnek az izgalmas versenyeknek \u00e9s esem\u00e9nyeknek. Ez a k\u00f6zvetlen k\u00f6zels\u00e9g mag\u00e1val ragad\u00f3 \u00e9lm\u00e9nyt ny\u00fajt a motorsport rajong\u00f3i sz\u00e1m\u00e1ra, \u00edgy a Balaton Park Hotel ide\u00e1lis c\u00e9lpontja a kikapcsol\u00f3d\u00e1snak \u00e9s az adrenalint\u00f3l f\u0171t\u00f6tt kalandoknak egyar\u00e1nt. A sz\u00e1lloda \u00e9s a versenyp\u00e1lya k\u00f6z\u00f6tti szinergia olyan exkluz\u00edv mened\u00e9ket biztos\u00edt, ahol a magas okt\u00e1nsz\u00e1m\u00fa sz\u00f3rakoz\u00e1s \u00e9s a kifinomult vend\u00e9gl\u00e1t\u00e1s tal\u00e1lkozik.<\/p>\n\n\n        <span class=\"subtitle\"><\/span>\n\n<\/div><div class=\"plethora_button wpb_content_element   text-left\">\n    <a href=\"https:\/\/www.balatonparkcircuit.com\/\" class=\"btn btn-default\" title=\"\"  target=\"_blank\">\n\n        \n        Balaton Park Circuit weboldala\n        \n\n    <\/a>\n<\/div><\/div><\/div><\/div><\/div><div class=\"vc_row-full-width vc_clearfix\"><\/div>\n<\/div>","protected":false},"excerpt":{"rendered":"SPORT INTERNATIONAL RACE TRACK for speed and sports car enthusiasts Balaton Park Circuit is a unique racetrack in Hungary, designed to meet the highest international standards. Located near the shores of Lake Balaton, the track offers thrilling turns and long straights, perfect for motorsport enthusiasts. With state-of-the-art facilities and the dynamic atmosphere of the races, [...]","protected":false},"author":1,"featured_media":3213,"parent":0,"menu_order":0,"comment_status":"closed","ping_status":"closed","template":"","meta":{"footnotes":""},"class_list":["post-42","page","type-page","status-publish","has-post-thumbnail","hentry"],"aioseo_notices":[],"_links":{"self":[{"href":"https:\/\/balatonparkhotel.com\/hu\/wp-json\/wp\/v2\/pages\/42","targetHints":{"allow":["GET"]}}],"collection":[{"href":"https:\/\/balatonparkhotel.com\/hu\/wp-json\/wp\/v2\/pages"}],"about":[{"href":"https:\/\/balatonparkhotel.com\/hu\/wp-json\/wp\/v2\/types\/page"}],"author":[{"embeddable":true,"href":"https:\/\/balatonparkhotel.com\/hu\/wp-json\/wp\/v2\/users\/1"}],"replies":[{"embeddable":true,"href":"https:\/\/balatonparkhotel.com\/hu\/wp-json\/wp\/v2\/comments?post=42"}],"version-history":[{"count":147,"href":"https:\/\/balatonparkhotel.com\/hu\/wp-json\/wp\/v2\/pages\/42\/revisions"}],"predecessor-version":[{"id":4388,"href":"https:\/\/balatonparkhotel.com\/hu\/wp-json\/wp\/v2\/pages\/42\/revisions\/4388"}],"wp:featuredmedia":[{"embeddable":true,"href":"https:\/\/balatonparkhotel.com\/hu\/wp-json\/wp\/v2\/media\/3213"}],"wp:attachment":[{"href":"https:\/\/balatonparkhotel.com\/hu\/wp-json\/wp\/v2\/media?parent=42"}],"curies":[{"name":"wp","href":"https:\/\/api.w.org\/{rel}","templated":true}]}}