{"id":44,"date":"2016-11-24T18:10:10","date_gmt":"2016-11-24T18:10:10","guid":{"rendered":"http:\/\/plethorathemes.com\/hotel-xenia\/?page_id=44"},"modified":"2025-03-05T14:20:48","modified_gmt":"2025-03-05T13:20:48","slug":"gasztronomia","status":"publish","type":"page","link":"https:\/\/balatonparkhotel.com\/hu\/gastronomy\/","title":{"rendered":"Gasztron\u00f3mia"},"content":{"rendered":"<div class=\"wpb-content-wrapper\"><div data-vc-full-width=\"true\" data-vc-full-width-init=\"false\" class=\"vc_row wpb_row vc_row-fluid white_section padding_bottom_none\"><div class=\"wpb_column vc_column_container vc_col-sm-12\"><div class=\"vc_column-inner\"><div class=\"wpb_wrapper\">\n\t<div class=\"wpb_text_column wpb_content_element\" >\n\t\t<div class=\"wpb_wrapper\">\n\t\t\t<div class=\"heading_group_sc wpb_content_element subtitle_bottom    text-center\">\n        <div class=\"background_title\">GOURMET<\/div>\n\n\n    <h2>LAVENDER PARK<\/h2>\n<div id=\"gtx-trans\" style=\"position: absolute; left: 127px; top: 51.9062px;\">\n<div class=\"gtx-trans-icon\"><\/div>\n<\/div>\n\n\n        <span class=\"subtitle\">A LEGJOBB HELY \u00daJ \u00cdZEK FELFEDEZ\u00c9S\u00c9RE<\/span>\n\n<\/div><div class=\"heading_group_sc wpb_content_element subtitle_bottom    text-center\">\n\n\n    <hr class=\"horizontal-separator\" \/>\n\n\n        <span class=\"subtitle\"><\/span>\n\n<\/div>\n\n\t\t<\/div>\n\t<\/div>\n<\/div><\/div><\/div><\/div><div class=\"vc_row-full-width vc_clearfix\"><\/div><div data-vc-full-width=\"true\" data-vc-full-width-init=\"false\" class=\"vc_row wpb_row vc_row-fluid vc_row-o-content-middle vc_row-flex white_section padding_top_none padding_bottom_none\"><div class=\"col-sm-push-6 wpb_column vc_column_container vc_col-sm-6\"><div class=\"vc_column-inner\"><div class=\"wpb_wrapper\">\n\t<div  class=\"wpb_single_image wpb_content_element vc_align_left\">\n\t\t\n\t\t<figure class=\"wpb_wrapper vc_figure\">\n\t\t\t<div class=\"vc_single_image-wrapper   vc_box_border_grey\"><img loading=\"lazy\" decoding=\"async\" width=\"960\" height=\"540\" src=\"https:\/\/balatonparkhotel.com\/wp-content\/uploads\/2025\/02\/20241212__Etterem5-1024x576.webp\" class=\"vc_single_image-img attachment-large\" alt=\"\" title=\"Balaton-Park-Hotel-\u00c9tterem\" srcset=\"https:\/\/balatonparkhotel.com\/wp-content\/uploads\/2025\/02\/20241212__Etterem5-1024x576.webp 1024w, https:\/\/balatonparkhotel.com\/wp-content\/uploads\/2025\/02\/20241212__Etterem5-300x169.webp 300w, https:\/\/balatonparkhotel.com\/wp-content\/uploads\/2025\/02\/20241212__Etterem5-768x432.webp 768w, https:\/\/balatonparkhotel.com\/wp-content\/uploads\/2025\/02\/20241212__Etterem5-1536x864.webp 1536w, https:\/\/balatonparkhotel.com\/wp-content\/uploads\/2025\/02\/20241212__Etterem5-18x10.webp 18w, https:\/\/balatonparkhotel.com\/wp-content\/uploads\/2025\/02\/20241212__Etterem5.webp 1920w\" sizes=\"auto, (max-width: 960px) 100vw, 960px\" \/><\/div>\n\t\t<\/figure>\n\t<\/div>\n<\/div><\/div><\/div><div class=\"col-sm-pull-6 wpb_column vc_column_container vc_col-sm-6\"><div class=\"vc_column-inner\"><div class=\"wpb_wrapper\">\n\t<div class=\"wpb_text_column wpb_content_element\" >\n\t\t<div class=\"wpb_wrapper\">\n\t\t\t<p style=\"text-align: justify;\"><strong>A Lavender Parkban<\/strong>, a helyi \u00edzek legjav\u00e1t \u00f6tv\u00f6zz\u00fck a nemzetk\u00f6zi kulin\u00e1ris szak\u00e9rtelemmel, hogy felejthetetlen \u00e9tkez\u00e9si \u00e9lm\u00e9nyt ny\u00fajtsunk. A Balaton Park Hotelben tal\u00e1lhat\u00f3 \u00e9tterm\u00fcnk st\u00edlusos, m\u00e9gis nyugodt l\u00e9gk\u00f6rt k\u00edn\u00e1l, amely t\u00f6k\u00e9letes alkalmi \u00e9tkez\u00e9sekhez \u00e9s k\u00fcl\u00f6nleges alkalmakhoz egyar\u00e1nt. Ak\u00e1r egy kiad\u00f3s reggelire, ak\u00e1r egy gyors eb\u00e9dre, ak\u00e1r egy k\u00e9nyelmes vacsor\u00e1ra v\u00e1gyik, n\u00e1lunk minden \u00edzl\u00e9st kiel\u00e9g\u00edthet. Csapatunk elk\u00f6telezett a kifog\u00e1stalan kiszolg\u00e1l\u00e1s \u00e9s a legfrissebb alapanyagokat kiemel\u0151 \u00e9telek k\u00e9sz\u00edt\u00e9se ir\u00e1nt.<\/p>\n\n\t\t<\/div>\n\t<\/div>\n<\/div><\/div><\/div><\/div><div class=\"vc_row-full-width vc_clearfix\"><\/div><div data-vc-full-width=\"true\" data-vc-full-width-init=\"false\" class=\"vc_row wpb_row vc_row-fluid vc_row-o-content-middle vc_row-flex white_section padding_top_none padding_bottom_none\"><div class=\"wpb_column vc_column_container vc_col-sm-6\"><div class=\"vc_column-inner\"><div class=\"wpb_wrapper\">\n\t<div  class=\"wpb_single_image wpb_content_element vc_align_left\">\n\t\t\n\t\t<figure class=\"wpb_wrapper vc_figure\">\n\t\t\t<div class=\"vc_single_image-wrapper   vc_box_border_grey\"><img loading=\"lazy\" decoding=\"async\" width=\"960\" height=\"540\" src=\"https:\/\/balatonparkhotel.com\/wp-content\/uploads\/2025\/02\/20230725_S.effectsResult-1024x576.webp\" class=\"vc_single_image-img attachment-large\" alt=\"\" title=\"Szob\u00e1k\" srcset=\"https:\/\/balatonparkhotel.com\/wp-content\/uploads\/2025\/02\/20230725_S.effectsResult-1024x576.webp 1024w, https:\/\/balatonparkhotel.com\/wp-content\/uploads\/2025\/02\/20230725_S.effectsResult-300x169.webp 300w, https:\/\/balatonparkhotel.com\/wp-content\/uploads\/2025\/02\/20230725_S.effectsResult-768x432.webp 768w, https:\/\/balatonparkhotel.com\/wp-content\/uploads\/2025\/02\/20230725_S.effectsResult-1536x864.webp 1536w, https:\/\/balatonparkhotel.com\/wp-content\/uploads\/2025\/02\/20230725_S.effectsResult-18x10.webp 18w, https:\/\/balatonparkhotel.com\/wp-content\/uploads\/2025\/02\/20230725_S.effectsResult.webp 1920w\" sizes=\"auto, (max-width: 960px) 100vw, 960px\" \/><\/div>\n\t\t<\/figure>\n\t<\/div>\n<\/div><\/div><\/div><div class=\"wpb_column vc_column_container vc_col-sm-6\"><div class=\"vc_column-inner\"><div class=\"wpb_wrapper\">\n\t<div class=\"wpb_text_column wpb_content_element\" >\n\t\t<div class=\"wpb_wrapper\">\n\t\t\t<p style=\"text-align: justify;\"><strong>\u00c9tkez\u00e9s kil\u00e1t\u00e1ssal<\/strong> - A Lavender Parkb\u00f3l leny\u0171g\u00f6z\u0151 kil\u00e1t\u00e1s ny\u00edlik a Balaton Park Circuitre \u00e9s a k\u00f6rnyez\u0151 t\u00e1jra, fest\u0151i h\u00e1tteret teremtve az \u00e9tkez\u00e9shez. Teraszunk t\u00f6k\u00e9letes helysz\u00edn, hogy \u00e9lvezze a t\u00e1jat, mik\u00f6zben kedvenc \u00e9teleit \u00edzlelgeti. Ak\u00e1r egy romantikus vacsor\u00e1ra, ak\u00e1r egy laza bar\u00e1ti vacsor\u00e1ra \u00e9rkezik, a gy\u00f6ny\u00f6r\u0171 k\u00f6rnyezet k\u00fcl\u00f6nleges hangulatot k\u00f6lcs\u00f6n\u00f6z az \u00e9tkez\u00e9si \u00e9lm\u00e9nynek. Hagyja, hogy a nyugodt kil\u00e1t\u00e1s fokozza az \u00e9tel \u00edz\u00e9t, \u00e9s olyan eml\u00e9keket teremtsen, amelyek m\u00e9g sok\u00e1ig megmaradnak a l\u00e1togat\u00e1s ut\u00e1n is.<\/p>\n\n\t\t<\/div>\n\t<\/div>\n<\/div><\/div><\/div><\/div><div class=\"vc_row-full-width vc_clearfix\"><\/div><div data-vc-full-width=\"true\" data-vc-full-width-init=\"false\" class=\"vc_row wpb_row vc_row-fluid vc_row-o-content-middle vc_row-flex white_section padding_top_none padding_bottom_none\"><div class=\"col-sm-push-6 wpb_column vc_column_container vc_col-sm-6\"><div class=\"vc_column-inner\"><div class=\"wpb_wrapper\">\n\t<div  class=\"wpb_single_image wpb_content_element vc_align_left\">\n\t\t\n\t\t<figure class=\"wpb_wrapper vc_figure\">\n\t\t\t<div class=\"vc_single_image-wrapper   vc_box_border_grey\"><img loading=\"lazy\" decoding=\"async\" width=\"960\" height=\"540\" src=\"https:\/\/balatonparkhotel.com\/wp-content\/uploads\/2025\/02\/20241212__Etterem3-1024x576.webp\" class=\"vc_single_image-img attachment-large\" alt=\"\" title=\"Balaton-Park-Hotel-Restaurant\" srcset=\"https:\/\/balatonparkhotel.com\/wp-content\/uploads\/2025\/02\/20241212__Etterem3-1024x576.webp 1024w, https:\/\/balatonparkhotel.com\/wp-content\/uploads\/2025\/02\/20241212__Etterem3-300x169.webp 300w, https:\/\/balatonparkhotel.com\/wp-content\/uploads\/2025\/02\/20241212__Etterem3-768x432.webp 768w, https:\/\/balatonparkhotel.com\/wp-content\/uploads\/2025\/02\/20241212__Etterem3-1536x864.webp 1536w, https:\/\/balatonparkhotel.com\/wp-content\/uploads\/2025\/02\/20241212__Etterem3-18x10.webp 18w, https:\/\/balatonparkhotel.com\/wp-content\/uploads\/2025\/02\/20241212__Etterem3.webp 1920w\" sizes=\"auto, (max-width: 960px) 100vw, 960px\" \/><\/div>\n\t\t<\/figure>\n\t<\/div>\n<\/div><\/div><\/div><div class=\"col-sm-pull-6 wpb_column vc_column_container vc_col-sm-6\"><div class=\"vc_column-inner\"><div class=\"wpb_wrapper\">\n\t<div class=\"wpb_text_column wpb_content_element\" >\n\t\t<div class=\"wpb_wrapper\">\n\t\t\t<p style=\"text-align: justify;\"><strong>A men\u00fcnk<\/strong> a magyar kulin\u00e1ris hagyom\u00e1nyok \u00fcnnepl\u00e9se, \nkieg\u00e9sz\u00edtve egy modern csavarral. A helyi halakt\u00f3l \u00e9s friss term\u00e9kekt\u0151l kezdve a nemzetk\u00f6zi kedvencekig, az \u00edzl\u00e9sek sz\u00e9les sk\u00e1l\u00e1j\u00e1t szolg\u00e1ljuk ki. Ak\u00e1r a balatoni s\u00fcg\u00e9r klasszikus \u00edzeire v\u00e1gyik, ak\u00e1r s\u00e9f\u00fcnk jellegzetes \u00e9teleivel k\u00e9nyeztetj\u00fck, minden \u00e9tkez\u00e9s egy utaz\u00e1s a r\u00e9gi\u00f3 legjobb alapanyagai k\u00f6z\u00f6tt. A magyar borok v\u00e1logatott v\u00e1laszt\u00e9k\u00e1t is k\u00edn\u00e1ljuk, amelyek t\u00f6k\u00e9letesen illeszkednek \u00e9teleinkhez, \u00edgy ny\u00fajtva emelkedett \u00e9tkez\u00e9si \u00e9lm\u00e9nyt.<\/p>\n<div id=\"gtx-trans\" style=\"position: absolute; left: -21px; top: 38px;\">\n<div class=\"gtx-trans-icon\"><\/div>\n<\/div>\n\n\t\t<\/div>\n\t<\/div>\n<\/div><\/div><\/div><\/div><div class=\"vc_row-full-width vc_clearfix\"><\/div><div data-vc-full-width=\"true\" data-vc-full-width-init=\"false\" class=\"vc_row wpb_row vc_row-fluid vc_row-o-content-middle vc_row-flex white_section padding_top_none padding_bottom_none\"><div class=\"wpb_column vc_column_container vc_col-sm-6\"><div class=\"vc_column-inner\"><div class=\"wpb_wrapper\">\n\t<div  class=\"wpb_single_image wpb_content_element vc_align_left\">\n\t\t\n\t\t<figure class=\"wpb_wrapper vc_figure\">\n\t\t\t<div class=\"vc_single_image-wrapper   vc_box_border_grey\"><img loading=\"lazy\" decoding=\"async\" width=\"960\" height=\"540\" src=\"https:\/\/balatonparkhotel.com\/wp-content\/uploads\/2025\/02\/20241212__Etterem7-1024x576.webp\" class=\"vc_single_image-img attachment-large\" alt=\"\" title=\"Balaton-Park-Hotel-Vend\u00e9gl\u00e1t\u00e1s\" srcset=\"https:\/\/balatonparkhotel.com\/wp-content\/uploads\/2025\/02\/20241212__Etterem7-1024x576.webp 1024w, https:\/\/balatonparkhotel.com\/wp-content\/uploads\/2025\/02\/20241212__Etterem7-300x169.webp 300w, https:\/\/balatonparkhotel.com\/wp-content\/uploads\/2025\/02\/20241212__Etterem7-768x432.webp 768w, https:\/\/balatonparkhotel.com\/wp-content\/uploads\/2025\/02\/20241212__Etterem7-1536x864.webp 1536w, https:\/\/balatonparkhotel.com\/wp-content\/uploads\/2025\/02\/20241212__Etterem7-18x10.webp 18w, https:\/\/balatonparkhotel.com\/wp-content\/uploads\/2025\/02\/20241212__Etterem7.webp 1920w\" sizes=\"auto, (max-width: 960px) 100vw, 960px\" \/><\/div>\n\t\t<\/figure>\n\t<\/div>\n<\/div><\/div><\/div><div class=\"wpb_column vc_column_container vc_col-sm-6\"><div class=\"vc_column-inner\"><div class=\"wpb_wrapper\">\n\t<div class=\"wpb_text_column wpb_content_element\" >\n\t\t<div class=\"wpb_wrapper\">\n\t\t\t<p style=\"text-align: justify;\"><strong>Mag\u00e1nrendezv\u00e9nyek \u00e9s catering<\/strong> - A t\u00f6k\u00e9letes helysz\u00ednt keresi k\u00fcl\u00f6nleges esem\u00e9ny\u00e9hez? A Lavender Park ide\u00e1lis v\u00e1laszt\u00e1s az \u00fczleti vacsor\u00e1kt\u00f3l kezdve a meghitt \u00fcnneps\u00e9gekig mindenf\u00e9le esem\u00e9ny megrendez\u00e9s\u00e9re. Csapatunk szem\u00e9lyre szabott men\u00fct \u00e1ll\u00edt \u00f6ssze az alkalomhoz ill\u0151en, biztos\u00edtva, hogy minden r\u00e9szlet hib\u00e1tlan legyen. Legyen sz\u00f3 priv\u00e1t partir\u00f3l, v\u00e1llalati rendezv\u00e9nyr\u0151l vagy egy k\u00fcls\u0151 helysz\u00ednen megrendezett esem\u00e9nyr\u0151l, elk\u00f6telezettek vagyunk amellett, hogy felejthetetlenn\u00e9 tegy\u00fck az \u00d6n esem\u00e9ny\u00e9t.<\/p>\n\n\t\t<\/div>\n\t<\/div>\n<\/div><\/div><\/div><\/div><div class=\"vc_row-full-width vc_clearfix\"><\/div>\n<\/div>","protected":false},"excerpt":{"rendered":"GOURMET LAVENDER PARK THE BEST PLACE TO DISCOVER NEW FLAVOURS At Lavender Park, we combine the best of local flavors with international culinary expertise to create an unforgettable dining experience. Located within the Balaton Park Hotel, our restaurant offers a stylish yet relaxed atmosphere, perfect for both casual meals and special occasions. Whether you're looking [...]","protected":false},"author":1,"featured_media":3709,"parent":0,"menu_order":0,"comment_status":"closed","ping_status":"closed","template":"","meta":{"footnotes":""},"class_list":["post-44","page","type-page","status-publish","has-post-thumbnail","hentry"],"aioseo_notices":[],"_links":{"self":[{"href":"https:\/\/balatonparkhotel.com\/hu\/wp-json\/wp\/v2\/pages\/44","targetHints":{"allow":["GET"]}}],"collection":[{"href":"https:\/\/balatonparkhotel.com\/hu\/wp-json\/wp\/v2\/pages"}],"about":[{"href":"https:\/\/balatonparkhotel.com\/hu\/wp-json\/wp\/v2\/types\/page"}],"author":[{"embeddable":true,"href":"https:\/\/balatonparkhotel.com\/hu\/wp-json\/wp\/v2\/users\/1"}],"replies":[{"embeddable":true,"href":"https:\/\/balatonparkhotel.com\/hu\/wp-json\/wp\/v2\/comments?post=44"}],"version-history":[{"count":75,"href":"https:\/\/balatonparkhotel.com\/hu\/wp-json\/wp\/v2\/pages\/44\/revisions"}],"predecessor-version":[{"id":4142,"href":"https:\/\/balatonparkhotel.com\/hu\/wp-json\/wp\/v2\/pages\/44\/revisions\/4142"}],"wp:featuredmedia":[{"embeddable":true,"href":"https:\/\/balatonparkhotel.com\/hu\/wp-json\/wp\/v2\/media\/3709"}],"wp:attachment":[{"href":"https:\/\/balatonparkhotel.com\/hu\/wp-json\/wp\/v2\/media?parent=44"}],"curies":[{"name":"wp","href":"https:\/\/api.w.org\/{rel}","templated":true}]}}