{"id":48,"date":"2016-11-24T18:10:50","date_gmt":"2016-11-24T18:10:50","guid":{"rendered":"http:\/\/plethorathemes.com\/hotel-xenia\/?page_id=48"},"modified":"2026-03-17T12:39:39","modified_gmt":"2026-03-17T11:39:39","slug":"kapcsolatfelvetel","status":"publish","type":"page","link":"https:\/\/balatonparkhotel.com\/hu\/contact\/","title":{"rendered":"Kapcsolat"},"content":{"rendered":"<div class=\"wpb-content-wrapper\"><div data-vc-full-width=\"true\" data-vc-full-width-init=\"false\" class=\"vc_row wpb_row vc_row-fluid vc_custom_1750148415355 vc_row-has-fill primary_section padding_bottom_none\"><div class=\"wpb_column vc_column_container vc_col-sm-8 vc_col-sm-offset-2\"><div class=\"vc_column-inner\"><div class=\"wpb_wrapper\">\n\t<div class=\"wpb_text_column wpb_content_element\" >\n\t\t<div class=\"wpb_wrapper\">\n\t\t\t<h3 style=\"text-align: center;\"><span style=\"color: #333333;\">BALATON PARK HOTEL ELHELYEZKED\u00c9SE<\/span><\/h3>\n<p style=\"text-align: center;\"><span style=\"color: #333333;\">A sz\u00e1lloda Balatonf\u0151kaj\u00e1ron, az M7-es aut\u00f3p\u00e1lya 710-es kij\u00e1rat\u00e1t\u00f3l 2 km-re, k\u00f6zvetlen\u00fcl a Balaton Park Circuit motorsport versenyp\u00e1lya mellett tal\u00e1lhat\u00f3.<\/span><\/p>\n<div id=\"gtx-trans\" style=\"position: absolute; left: 318px; top: 63.5156px;\">\n<div class=\"gtx-trans-icon\"><\/div>\n<\/div>\n\n\t\t<\/div>\n\t<\/div>\n<\/div><\/div><\/div><\/div><div class=\"vc_row-full-width vc_clearfix\"><\/div><div data-vc-full-width=\"true\" data-vc-full-width-init=\"false\" class=\"vc_row wpb_row vc_row-fluid vc_custom_1741181025508 vc_row-has-fill primary_section padding_top_none\"><div class=\"wpb_column vc_column_container vc_col-sm-4\"><div class=\"vc_column-inner\"><div class=\"wpb_wrapper\"><div class=\"vc_icon_element vc_icon_element-outer vc_custom_1726161974374 vc_icon_element-align-center\"><div class=\"vc_icon_element-inner vc_icon_element-color-turquoise vc_icon_element-size-xl vc_icon_element-style- vc_icon_element-background-color-grey\" ><span class=\"vc_icon_element-icon fas fa-mobile-alt\" ><\/span><\/div><\/div>\n\t<div class=\"wpb_text_column wpb_content_element  vc_custom_1726162014726\" >\n\t\t<div class=\"wpb_wrapper\">\n\t\t\t<p style=\"text-align: center;\"><span style=\"color: #33cccc;\"><b>TELEFON<\/b><\/span><\/p>\n\n\t\t<\/div>\n\t<\/div>\n\n\t<div class=\"wpb_text_column wpb_content_element\" >\n\t\t<div class=\"wpb_wrapper\">\n\t\t\t<p style=\"text-align: center;\"><span style=\"color: #333333;\">Sz\u00edvesen v\u00e1laszolunk k\u00e9rd\u00e9seire telefonon vagy \u00fatbaigaz\u00edt\u00e1st adunk, ha sz\u00fcks\u00e9ges.<\/span><br \/>\n<span style=\"color: #333333;\"><strong>+36 88\u00a0622\u00a0000<\/strong><\/span><\/p>\n\n\t\t<\/div>\n\t<\/div>\n<\/div><\/div><\/div><div class=\"wpb_column vc_column_container vc_col-sm-4\"><div class=\"vc_column-inner\"><div class=\"wpb_wrapper\"><div class=\"vc_icon_element vc_icon_element-outer vc_custom_1726161980979 vc_icon_element-align-center\"><div class=\"vc_icon_element-inner vc_icon_element-color-turquoise vc_icon_element-size-xl vc_icon_element-style- vc_icon_element-background-color-grey\" ><span class=\"vc_icon_element-icon far fa-envelope\" ><\/span><\/div><\/div>\n\t<div class=\"wpb_text_column wpb_content_element  vc_custom_1726162024370\" >\n\t\t<div class=\"wpb_wrapper\">\n\t\t\t<p style=\"text-align: center;\"><span style=\"color: #33cccc;\"><b>E-MAIL<\/b><\/span><\/p>\n\n\t\t<\/div>\n\t<\/div>\n\n\t<div class=\"wpb_text_column wpb_content_element\" >\n\t\t<div class=\"wpb_wrapper\">\n\t\t\t<p style=\"text-align: center;\"><span style=\"color: #333333;\">Ha b\u00e1rmilyen k\u00e9rd\u00e9se van, egyszer\u0171en k\u00fcldj\u00f6n nek\u00fcnk egy e-mailt, \u00e9s mi sz\u00edvesen v\u00e1laszolunk.<\/span><br \/>\n<span style=\"color: #333333;\"><b>reservation@balatonparkhotel.com<\/b><\/span><\/p>\n\n\t\t<\/div>\n\t<\/div>\n<\/div><\/div><\/div><div class=\"wpb_column vc_column_container vc_col-sm-4\"><div class=\"vc_column-inner\"><div class=\"wpb_wrapper\"><div class=\"vc_icon_element vc_icon_element-outer vc_custom_1726161990287 vc_icon_element-align-center\"><div class=\"vc_icon_element-inner vc_icon_element-color-turquoise vc_icon_element-size-xl vc_icon_element-style- vc_icon_element-background-color-grey\" ><span class=\"vc_icon_element-icon vc-material vc-material-local_parking\" ><\/span><\/div><\/div>\n\t<div class=\"wpb_text_column wpb_content_element  vc_custom_1726162032266\" >\n\t\t<div class=\"wpb_wrapper\">\n\t\t\t<p style=\"text-align: center;\"><span style=\"color: #33cccc;\"><strong>PARKOL\u00c1S<\/strong><\/span><\/p>\n\n\t\t<\/div>\n\t<\/div>\n\n\t<div class=\"wpb_text_column wpb_content_element\" >\n\t\t<div class=\"wpb_wrapper\">\n\t\t\t<p style=\"text-align: center;\"><span style=\"color: #333333;\">A Balaton Park Hotel nyitott parkol\u00f3helyekkel rendelkezik. Vend\u00e9geink sz\u00e1m\u00e1ra elektromos t\u00f6lt\u0151\u00e1llom\u00e1sok is rendelkez\u00e9sre \u00e1llnak.<\/span><\/p>\n\n\t\t<\/div>\n\t<\/div>\n<\/div><\/div><\/div><\/div><div class=\"vc_row-full-width vc_clearfix\"><\/div><div id=\"testimonials\" data-vc-full-width=\"true\" data-vc-full-width-init=\"false\" class=\"vc_row wpb_row vc_row-fluid vc_custom_1750148731007 vc_row-has-fill light_section padding_bottom_none\"><div class=\"wpb_column vc_column_container vc_col-sm-8 vc_col-sm-offset-2\"><div class=\"vc_column-inner\"><div class=\"wpb_wrapper\"><div class=\"heading_group_sc wpb_content_element subtitle_bottom   vc_custom_1750148387888  text-center\">\n\n\n    <h2>AJ\u00c1NL\u00c1SOK<\/h2>\n\n\n        <span class=\"subtitle\">VEND\u00c9GEINK FONTOSAK SZ\u00c1MUNKRA<\/span>\n\n<\/div>\n\t<div class=\"wpb_raw_code wpb_content_element wpb_raw_html\" >\n\t\t<div class=\"wpb_wrapper\">\n\t\t\t<iframe class=\"morgens-widget\" src=\"https:\/\/book.balatonparkhotel.com\/en\/feedbacks\/highlight\/\"\n        width=\"100%\" style=\"border: none; border-radius: 10px; box-shadow: 0 0 10px rgba(0,0,0,0.1);\">\n<\/iframe>\n\t\t<\/div>\n\t<\/div>\n<\/div><\/div><\/div><\/div><div class=\"vc_row-full-width vc_clearfix\"><\/div><div class=\"vc_row wpb_row vc_row-fluid primary_section padding_bottom_1-4\"><div class=\"wpb_column vc_column_container vc_col-sm-12\"><div class=\"vc_column-inner\"><div class=\"wpb_wrapper\"><div class=\"plethora_button wpb_content_element   text-left\">\n    <a href=\"https:\/\/maps.app.goo.gl\/3X5p9auxHSpZejau7\" class=\"btn btn-inv btn-secondary\" title=\"\"  target=\"_blank\">\n\n        \n        \u00daTVONALTERVEZ\u00c9S\n        \n\n    <\/a>\n<\/div><div class=\"wpb_gmaps_widget wpb_content_element\"><div class=\"wpb_wrapper\"><div class=\"wpb_map_wraper\"><iframe src=\"https:\/\/www.google.com\/maps\/embed?pb=!1m18!1m12!1m3!1d2720.4988794115925!2d18.199651676194986!3d47.01081177114129!2m3!1f0!2f0!3f0!3m2!1i1024!2i768!4f13.1!3m3!1m2!1s0x4769ebf3fe11f429%3A0x912b4417f2170652!2sBalaton%20Park%20Hotel!5e0!3m2!1shu!2shu!4v1773747503131!5m2!1shu!2shu\" width=\"600\" height=\"450\" style=\"border:0;\" allowfullscreen=\"\" loading=\"lazy\" referrerpolicy=\"no-referrer-when-downgrade\"><\/iframe><\/div><\/div><\/div><\/div><\/div><\/div><\/div><div data-vc-full-width=\"true\" data-vc-full-width-init=\"false\" class=\"vc_row wpb_row vc_row-fluid primary_section padding_top_none\"><div class=\"wpb_column vc_column_container vc_col-sm-6\"><div class=\"vc_column-inner\"><div class=\"wpb_wrapper\"><div class=\"vc_icon_element vc_icon_element-outer vc_custom_1750426509343 vc_icon_element-align-center\"><div class=\"vc_icon_element-inner vc_icon_element-color-turquoise vc_icon_element-size-xl vc_icon_element-style- vc_icon_element-background-color-grey\" ><span class=\"vc_icon_element-icon fas fa-car\" ><\/span><\/div><\/div>\n\t<div class=\"wpb_text_column wpb_content_element  vc_custom_1750426552101\" >\n\t\t<div class=\"wpb_wrapper\">\n\t\t\t<p style=\"text-align: center;\"><span style=\"color: #33cccc;\"><b>AUT\u00d3VAL<\/b><\/span><\/p>\n\n\t\t<\/div>\n\t<\/div>\n\n\t<div class=\"wpb_text_column wpb_content_element\" >\n\t\t<div class=\"wpb_wrapper\">\n\t\t\t<p style=\"text-align: center;\">A Balaton Park Hotel k\u00f6nnyen megk\u00f6zel\u00edthet\u0151 aut\u00f3val az M7-es aut\u00f3p\u00e1ly\u00e1n kereszt\u00fcl, a 710-es kij\u00e1ratn\u00e1l, Balatonf\u0151kaj\u00e1rn\u00e1l. A sz\u00e1lloda 8164 Balatonf\u0151kaj\u00e1r, V\u00e1s\u00e1rt\u00e9r \u00fat 11. sz\u00e1m alatt tal\u00e1lhat\u00f3, \u00e9s helysz\u00edni parkol\u00f3val \u00e9s EV t\u00f6lt\u0151\u00e1llom\u00e1ssal v\u00e1rja a vend\u00e9geket.<\/p>\n\n\t\t<\/div>\n\t<\/div>\n<\/div><\/div><\/div><div class=\"wpb_column vc_column_container vc_col-sm-6\"><div class=\"vc_column-inner\"><div class=\"wpb_wrapper\"><div class=\"vc_icon_element vc_icon_element-outer vc_custom_1750426530390 vc_icon_element-align-center\"><div class=\"vc_icon_element-inner vc_icon_element-color-turquoise vc_icon_element-size-xl vc_icon_element-style- vc_icon_element-background-color-grey\" ><span class=\"vc_icon_element-icon fas fa-bus\" ><\/span><\/div><\/div>\n\t<div class=\"wpb_text_column wpb_content_element  vc_custom_1750426568873\" >\n\t\t<div class=\"wpb_wrapper\">\n\t\t\t<p style=\"text-align: center;\"><span style=\"color: #33cccc;\"><b>T\u00d6MEGK\u00d6ZLEKED\u00c9S<\/b><\/span><\/p>\n\n\t\t<\/div>\n\t<\/div>\n\n\t<div class=\"wpb_text_column wpb_content_element\" >\n\t\t<div class=\"wpb_wrapper\">\n\t\t\t<p style=\"text-align: center;\">A Balaton Park Hotel t\u00f6megk\u00f6zleked\u00e9ssel Balatonf\u0151kaj\u00e1r vas\u00fat\u00e1llom\u00e1sig, majd r\u00f6vid taxival vagy 20 perces s\u00e9t\u00e1val \u00e9rhet\u0151 el a V\u00e1s\u00e1rt\u00e9r \u00fat 11. sz\u00e1m alatt tal\u00e1lhat\u00f3 sz\u00e1lloda. A k\u00f6zvetlen k\u00f6rny\u00e9ken ritk\u00e1n j\u00e1rnak menetrend szerinti buszok, ez\u00e9rt el\u0151zetes tervez\u00e9s aj\u00e1nlott.<\/p>\n\n\t\t<\/div>\n\t<\/div>\n<\/div><\/div><\/div><\/div><div class=\"vc_row-full-width vc_clearfix\"><\/div><div id=\"newsletter_form\" data-vc-full-width=\"true\" data-vc-full-width-init=\"false\" class=\"vc_row wpb_row vc_row-fluid large_form vc_custom_1693376306888 vc_row-has-fill black_section transparent_film text-center\"><div class=\"wpb_column vc_column_container vc_col-sm-8 vc_col-sm-offset-2\"><div class=\"vc_column-inner\"><div class=\"wpb_wrapper\">\n\t<div class=\"wpb_text_column wpb_content_element  vc_custom_1726255495550\" >\n\t\t<div class=\"wpb_wrapper\">\n\t\t\t<p style=\"text-align: center;\">Iratkozzon fel h\u00edrlevel\u00fcnkre, hogy els\u0151k\u00e9nt \u00e9rtes\u00fclj\u00f6n a Balaton Park Hotel exkluz\u00edv aj\u00e1nlatair\u00f3l.<\/p>\n\n\t\t<\/div>\n\t<\/div>\n\n\t<div class=\"wpb_raw_code wpb_content_element wpb_raw_html\" >\n\t\t<div class=\"wpb_wrapper\">\n\t\t\t<div id=\"mc_embed_signup\">\n    <form action=\"https:\/\/balatonparkhotel.us9.list-manage.com\/subscribe\/post?u=2f8ec219e1b5e450c54c1ef42&amp;id=2fa5570b37&amp;f_id=00e8c8e1f0\" method=\"post\" id=\"mc-embedded-subscribe-form\" name=\"mc-embedded-subscribe-form\" class=\"validate\" target=\"_blank\">\n        <div class=\"mc-field-group\" style=\"margin-bottom: 15px;\">\n            <label for=\"mce-EMAIL\" style=\"display: block;\">E-mail c\u00edm <span class=\"asterisk\">*<\/span><\/label>\n            <input type=\"email\" name=\"EMAIL\" class=\"required email\" id=\"mce-EMAIL\" required=\"\" value=\"\" style=\"width: 55%;\">\n        <\/div>\n        <div class=\"mc-field-group\" style=\"margin-bottom: 15px;\">\n            <label for=\"mce-FNAME\" style=\"display: block;\">N\u00e9v<\/label>\n            <input type=\"text\" name=\"FNAME\" class=\"text\" id=\"mce-FNAME\" value=\"\" style=\"width: 100%;\">\n        <\/div>\n        <div id=\"mce-responses\" class=\"clear foot\">\n            <div class=\"response\" id=\"mce-error-response\" style=\"display: none;\"><\/div>\n            <div class=\"response\" id=\"mce-success-response\" style=\"display: none;\"><\/div>\n        <\/div>\n        <div aria-hidden=\"true\" style=\"position: absolute; left: -5000px;\">\n            <!-- real people should not fill this in and expect good things - do not remove this or risk form bot signups -->\n            <input type=\"text\" name=\"b_2f8ec219e1b5e450c54c1ef42_2fa5570b37\" tabindex=\"-1\" value=\"\">\n        <\/div>\n        <div class=\"optionalParent\">\n            <div class=\"clear foot\">\n                <input type=\"submit\" name=\"subscribe\" id=\"mc-embedded-subscribe\" class=\"button\" value=\"Feliratkoz\u00e1s\" style=\"background-color: #03566C; color: white; border: none; padding: 10px 20px;\">\n            <\/div>\n        <\/div>\n    <\/form>\n<\/div>\n\t\t<\/div>\n\t<\/div>\n<\/div><\/div><\/div><\/div><div class=\"vc_row-full-width vc_clearfix\"><\/div>\n<\/div>","protected":false},"excerpt":{"rendered":"BALATON PARK HOTEL LOCATION The hotel is located in Balatonf\u0151kaj\u00e1r, 2km from the M7 motorway exit 710, directly next to the Balaton Park Circuit motorsport race track. PHONE We are happy to answer your questions by phone or give you directions if necessary. +36 88\u00a0622\u00a0000 E-MAIL If you have any questions, simply send us an [...]","protected":false},"author":1,"featured_media":3694,"parent":0,"menu_order":0,"comment_status":"closed","ping_status":"closed","template":"","meta":{"footnotes":""},"class_list":["post-48","page","type-page","status-publish","has-post-thumbnail","hentry"],"aioseo_notices":[],"_links":{"self":[{"href":"https:\/\/balatonparkhotel.com\/hu\/wp-json\/wp\/v2\/pages\/48","targetHints":{"allow":["GET"]}}],"collection":[{"href":"https:\/\/balatonparkhotel.com\/hu\/wp-json\/wp\/v2\/pages"}],"about":[{"href":"https:\/\/balatonparkhotel.com\/hu\/wp-json\/wp\/v2\/types\/page"}],"author":[{"embeddable":true,"href":"https:\/\/balatonparkhotel.com\/hu\/wp-json\/wp\/v2\/users\/1"}],"replies":[{"embeddable":true,"href":"https:\/\/balatonparkhotel.com\/hu\/wp-json\/wp\/v2\/comments?post=48"}],"version-history":[{"count":102,"href":"https:\/\/balatonparkhotel.com\/hu\/wp-json\/wp\/v2\/pages\/48\/revisions"}],"predecessor-version":[{"id":4389,"href":"https:\/\/balatonparkhotel.com\/hu\/wp-json\/wp\/v2\/pages\/48\/revisions\/4389"}],"wp:featuredmedia":[{"embeddable":true,"href":"https:\/\/balatonparkhotel.com\/hu\/wp-json\/wp\/v2\/media\/3694"}],"wp:attachment":[{"href":"https:\/\/balatonparkhotel.com\/hu\/wp-json\/wp\/v2\/media?parent=48"}],"curies":[{"name":"wp","href":"https:\/\/api.w.org\/{rel}","templated":true}]}}