{"id":52,"date":"2016-11-24T18:11:23","date_gmt":"2016-11-24T18:11:23","guid":{"rendered":"http:\/\/plethorathemes.com\/hotel-xenia\/?page_id=52"},"modified":"2026-03-23T14:19:12","modified_gmt":"2026-03-23T13:19:12","slug":"furdo","status":"publish","type":"page","link":"https:\/\/balatonparkhotel.com\/hu\/spa\/","title":{"rendered":"Balaton Park Spa"},"content":{"rendered":"<div class=\"wpb-content-wrapper\"><div class=\"vc_row wpb_row vc_row-fluid primary_section padding_bottom_none\"><div class=\"wpb_column vc_column_container vc_col-sm-12\"><div class=\"vc_column-inner\"><div class=\"wpb_wrapper\"><div class=\"heading_group_sc wpb_content_element subtitle_bottom    text-center\">\n        <div class=\"background_title\">KEZEL\u00c9SEK<\/div>\n\n\n    <h2>Balaton Park Spa<\/h2>\n<div id=\"gtx-trans\" style=\"position: absolute; left: -29px; top: -4.09375px;\">\n<div class=\"gtx-trans-icon\"><\/div>\n<\/div>\n\n\n        <span class=\"subtitle\">NYUGALOM \u00c9S MEGFIATALOD\u00c1S<\/span>\n\n<\/div><div class=\"heading_group_sc wpb_content_element subtitle_bottom   vc_custom_1774271947598  text-center\">\n\n\n    <p style=\"text-align: center;\">Ak\u00e1r relax\u00e1l\u00f3, ak\u00e1r akt\u00edv pihen\u00e9sr\u0151l legyen sz\u00f3, a Balaton Park Spa wellness r\u00e9szleg\u00e9nek jakuzzijai, szaun\u00e1i \u00e9s egy\u00e9b relax\u00e1ci\u00f3t seg\u00edt\u0151 berendez\u00e9sei, illetve fitness r\u00e9szleg\u00e9nek modern, technogym g\u00e9pei sz\u00e9les k\u00f6rben el\u00e9g\u00edtik ki vend\u00e9geink ig\u00e9nyeit.<\/p>\n\n\n        <span class=\"subtitle\"><\/span>\n\n<\/div><div class=\"ple_anypostloop_shortcode wpb_content_element\"><div id=\"grid_5859199536081\" class=\"grid_wrapper row clearfix  services_grid_classic_vertical_wrapper\">\n<\/div><\/div><div class=\"vc_row wpb_row vc_inner vc_row-fluid\"><div class=\"wpb_column vc_column_container vc_col-sm-6\"><div class=\"vc_column-inner\"><div class=\"wpb_wrapper\"><!-- ========================== HOVER BOX ==========================-->\n\n<div style=\"background-image: url('https:\/\/balatonparkhotel.com\/wp-content\/uploads\/2026\/03\/Copy-of-139A5660.jpg')\" class=\"hoverbox wpb_content_element black_section neutralize_links stretchy_wrapper ratio_4-3   vc_custom_1774264580822\">\n<div class=\"hoverbox_tran black_section transparent_film\"><\/div>\n\t<a href=\"#\">\n\t\t<div class=\"hoverbox_title\">\n\t\t\t<h2>Wellness<\/h2>\n\t\t<\/div>\n\t\t<div class=\"hoverbox_paragraph\">\n\t\t\t<p><\/p>\n<ul type=\"disc\">\n<li>150 m\u00b2 ter\u00fclet, mely csak a felt\u00f6lt\u0151d\u00e9sr\u0151l sz\u00f3l<\/li>\n<li>K\u00e9tf\u00e9le jakuzzi<\/li>\n<li>Finn szauna<\/li>\n<li>Infraszauna<\/li>\n<li>Pihen\u0151\u00e1gyak, napoz\u00f3 terasz<\/li>\n<\/ul>\n<p><\/p>\n\t\t<\/div>\n\t<\/a>\t\n<\/div>\n\n<!-- END======================= HOVER BOX ==========================--><div class=\"heading_group_sc wpb_content_element subtitle_bottom   vc_custom_1774264564584  text-left\">\n\n\n    <h5>Spa nyitvatart\u00e1sa: minden nap 8:00 \u00e9s 20:00 k\u00f6z\u00f6tt.<\/h5>\n\n\n        <span class=\"subtitle\"><\/span>\n\n<\/div><\/div><\/div><\/div><div class=\"wpb_column vc_column_container vc_col-sm-6\"><div class=\"vc_column-inner\"><div class=\"wpb_wrapper\"><!-- ========================== HOVER BOX ==========================-->\n\n<div style=\"background-image: url('https:\/\/balatonparkhotel.com\/wp-content\/uploads\/2026\/03\/Copy-of-139A5536.jpg')\" class=\"hoverbox wpb_content_element black_section neutralize_links stretchy_wrapper ratio_4-3   vc_custom_1774264643086\">\n<div class=\"hoverbox_tran black_section transparent_film\"><\/div>\n\t<a href=\"#\">\n\t\t<div class=\"hoverbox_title\">\n\t\t\t<h2>Fitnesz<\/h2>\n\t\t<\/div>\n\t\t<div class=\"hoverbox_paragraph\">\n\t\t\t<p>Technogym g\u00e9pekkel felszerelt, t\u00fckr\u00f6s fal\u00fa kondicion\u00e1l\u00f3 terem, a test karbantart\u00e1s\u00e1\u00e9rt.<\/p>\n\t\t<\/div>\n\t<\/a>\t\n<\/div>\n\n<!-- END======================= HOVER BOX ==========================--><div class=\"heading_group_sc wpb_content_element subtitle_bottom   vc_custom_1774264614958  text-left\">\n\n\n    <h5>Fitness terem nyitvatart\u00e1sa: minden nap 8:00 \u00e9s 20:00 k\u00f6z\u00f6tt.<\/h5>\n\n\n        <span class=\"subtitle\"><\/span>\n\n<\/div><\/div><\/div><\/div><\/div><\/div><\/div><\/div><\/div>\n<\/div>","protected":false},"excerpt":{"rendered":"TREATMENTS SPA CALM AND REJUVENATION Whether you\u2019re looking for a relaxing or active getaway, the Balaton Park Spa\u2019s wellness area with its hot tubs, saunas, and other relaxation facilities and the fitness area\u2019s modern Technogym equipment are sure to meet the needs of our guests. Wellness A 150 m\u00b2 area dedicated entirely to relaxation Two [...]","protected":false},"author":1,"featured_media":4490,"parent":0,"menu_order":0,"comment_status":"closed","ping_status":"closed","template":"","meta":{"footnotes":""},"class_list":["post-52","page","type-page","status-publish","has-post-thumbnail","hentry"],"aioseo_notices":[],"_links":{"self":[{"href":"https:\/\/balatonparkhotel.com\/hu\/wp-json\/wp\/v2\/pages\/52","targetHints":{"allow":["GET"]}}],"collection":[{"href":"https:\/\/balatonparkhotel.com\/hu\/wp-json\/wp\/v2\/pages"}],"about":[{"href":"https:\/\/balatonparkhotel.com\/hu\/wp-json\/wp\/v2\/types\/page"}],"author":[{"embeddable":true,"href":"https:\/\/balatonparkhotel.com\/hu\/wp-json\/wp\/v2\/users\/1"}],"replies":[{"embeddable":true,"href":"https:\/\/balatonparkhotel.com\/hu\/wp-json\/wp\/v2\/comments?post=52"}],"version-history":[{"count":35,"href":"https:\/\/balatonparkhotel.com\/hu\/wp-json\/wp\/v2\/pages\/52\/revisions"}],"predecessor-version":[{"id":4504,"href":"https:\/\/balatonparkhotel.com\/hu\/wp-json\/wp\/v2\/pages\/52\/revisions\/4504"}],"wp:featuredmedia":[{"embeddable":true,"href":"https:\/\/balatonparkhotel.com\/hu\/wp-json\/wp\/v2\/media\/4490"}],"wp:attachment":[{"href":"https:\/\/balatonparkhotel.com\/hu\/wp-json\/wp\/v2\/media?parent=52"}],"curies":[{"name":"wp","href":"https:\/\/api.w.org\/{rel}","templated":true}]}}